{"id":3,"date":"2022-01-19T15:02:21","date_gmt":"2022-01-19T15:02:21","guid":{"rendered":"https:\/\/estudiokonzept.com\/store\/?page_id=3"},"modified":"2022-09-17T19:20:23","modified_gmt":"2022-09-17T19:20:23","slug":"politica-privacidad","status":"publish","type":"page","link":"https:\/\/estudiokonzept.com\/store\/politica-privacidad\/","title":{"rendered":"Pol\u00edtica de privacidad"},"content":{"rendered":"\r\n<p>Por medio del presente aviso\u00a0 KONZEPT ARQUITECTURA Y REFORMAS S.L., en adelante, \u201cKonzept Store\u201d, le informa sobre cu\u00e1l es su Pol\u00edtica de Privacidad, en adelante \u201cPol\u00edtica de Privacidad\u201d que ser\u00e1 de aplicaci\u00f3n respecto a todos los datos de car\u00e1cter personal de los usuarios que tratemos, en adelante \u201cDatos Personales\u201d y que nos sean comunicados por medio de nuestra web www.estudiokonzept.com\/store, en adelante \u201cSitio Web\u201d.<\/p>\r\n<p>Konzept Store se reserva el derecho de modificar su Pol\u00edtica de Privacidad de acuerdo a su criterio, a causa de un cambio normativo o de la pr\u00e1ctica de la compa\u00f1\u00eda. Tales modificaciones ser\u00e1n publicadas en este Sitio Web, facilitando los recursos necesarios al usuario, para acceder a la lectura de los mismos. En cualquier caso, la relaci\u00f3n con los usuarios se regir\u00e1 por las normas previstas en el momento preciso en que se accede al Sitio Web.<\/p>\r\n<p>De conformidad con lo establecido en el Reglamento (UE) 2016\/679 del Parlamento Europeo y del Consejo de 27 de abril de 2016 relativo a la protecci\u00f3n de las personas f\u00edsicas en lo que respecta al tratamiento de datos personales y a la libre circulaci\u00f3n de estos datos y por el que se deroga la Directiva 95\/46\/CE, en adelante (Reglamento General de Protecci\u00f3n de Datos o RGPD), se informa de los siguientes extremos:<\/p>\r\n<p><strong>Existencia y titularidad del fichero.<\/strong><\/p>\r\n<p>Los Datos Personales que usted nos proporciona a trav\u00e9s del presente Sitio Web ser\u00e1n objeto de tratamiento automatizado e incorporados a un fichero automatizado cuyo responsable es KONZEPT ARQUITECTURA Y REFORMAS S.L., entidad de nacionalidad espa\u00f1ola, titular del sitio web www.estudiokonzept.com\/store.<\/p>\r\n<p>El env\u00edo de sus Datos Personales a trav\u00e9s del presente Sitio Web implicar\u00e1 el consentimiento expreso e inequ\u00edvoco del interesado para el tratamiento automatizado de los mismos, en funci\u00f3n de las distintas finalidades para las que se le solicite en el apartado del Sitio Web correspondiente. Ninguno de sus datos personales ha sido obtenido de forma indirecta o por terceros, exclusivamente se trata de los que usted nos ha facilitado por medio del presente Sitio Web.<\/p>\r\n<p>Los datos personales que tratamos son:<\/p>\r\n<p>-Datos de identificaci\u00f3n (nombre, n\u00famero de tel\u00e9fono, email y direcci\u00f3n postal).<\/p>\r\n<p>-Cualquier otra informaci\u00f3n que a trav\u00e9s del apartado \u201cconsulta\u201d usted decida compartir con nosotros.<\/p>\r\n<p>No se tratan datos especialmente protegidos.<\/p>\r\n<p><strong>Finalidad de la recogida de datos.<\/strong><\/p>\r\n<p>Le indicamos a continuaci\u00f3n los distintos tipos de finalidades con que tratamos sus Datos Personales y el plazo de conservaci\u00f3n de los mismos:<\/p>\r\n<p>2.1. La gesti\u00f3n administrativa del Sitio Web de Konzept Store con el fin de disponer de un medio de relaci\u00f3n con Usted y poder proporcionarle informaci\u00f3n considerada de inter\u00e9s, tambi\u00e9n para la resoluci\u00f3n de consultas en el \u00e1mbito de los servicios ofertados por Konzept Store dentro de cada secci\u00f3n correspondiente. Nuestra legitimaci\u00f3n estar\u00e1 basada en el inter\u00e9s leg\u00edtimo de Konzept Store para tratar sus datos con el fin de responder a su solicitud.<\/p>\r\n<p>Conservaremos sus datos durante un plazo m\u00e1ximo de dos a\u00f1os a contar desde que se haya resuelto su consulta.<\/p>\r\n<p>2.2 La gesti\u00f3n de la venta de los productos adquiridos por usted (mobiliario de hogar, exterior, iluminaci\u00f3n, suelos, etc.) as\u00ed como el mantenimiento y seguimiento en el cumplimiento de los contratos de productos y servicios que ofrecemos en el Sitio Web (proyectos de mobiliario corporativo, espacios contract, hogar, etc.).<\/p>\r\n<p>Conservaremos sus datos durante el plazo necesario para el cumplimiento de los derechos y obligaciones derivados del tipo de contrataci\u00f3n que efect\u00fae.<\/p>\r\n<p>2.3 Ofrecimiento de informaci\u00f3n sobre productos y\/o servicios que puedan resultar de su inter\u00e9s.<\/p>\r\n<p>Nuestra legitimaci\u00f3n estar\u00e1 basada en el consentimiento expl\u00edcito que nos facilita. Conservaremos sus datos, salvo que nos comunique que opta por no recibir nuestras comunicaciones comerciales o bien durante un plazo de dos a\u00f1os, en los casos en los que no hubiera interactuado con las comunicaciones remitidas.<\/p>\r\n<p><strong>Consentimiento del tratamiento.<\/strong><\/p>\r\n<p>Con su consentimiento podremos ofrecerle un servicio adaptado a sus necesidades. Usted puede optar por no hacerlo para algunos de los fines indicados, no obstante, indicarle que debemos tratar siempre sus datos para el mantenimiento del servicio contratado.<\/p>\r\n<p>Dentro de cada secci\u00f3n correspondiente del Sitio Web en donde se le solicita su consentimiento -cuando se trate de tratamientos que as\u00ed lo requieran- dispondr\u00e1 de una funcionalidad (clic box) que le permitir\u00e1 cumplimentar de forma expresa e inequ\u00edvoca la comunicaci\u00f3n de su consentimiento.<\/p>\r\n<p><strong>Destinatarios de la informaci\u00f3n.<\/strong><\/p>\r\n<p>Al margen de Konzept Store, en su condici\u00f3n de responsable del tratamiento de sus datos, es posible que tengamos que compartir sus Datos Personales con terceros para poder proporcionarle el servicio o producto o para gestionar nuestro Sitio Web.<\/p>\r\n<p>Estos terceros son los proveedores de servicios, que actuar\u00e1n bajo la condici\u00f3n de encargados del tratamiento, cuando sea necesario para prestarnos un servicio o para ayudarnos a prestar el servicio o entrega del producto (p.e.: proveedores) solicitado por usted (incluido nuestro proveedor de entregas a terceros).<\/p>\r\n<p>Estos terceros pueden estar situados en Espa\u00f1a, en otros pa\u00edses del Espacio Econ\u00f3mico Europeo o en cualquier otro lugar del mundo. Cuando almacenamos Datos Personales fuera del Espacio Econ\u00f3mico Europeo, solo lo haremos en casos en los que existan garant\u00edas adecuadas de acuerdo con las obligaciones requeridas en materia de protecci\u00f3n de datos. Le garantizamos un nivel adecuado de protecci\u00f3n de los datos transferidos, exigiendo a los proveedores de servicios que adopten a su vez las medidas adecuadas para proteger la confidencialidad y seguridad de sus Datos Personales.<\/p>\r\n<p>Tambi\u00e9n es posible que tengamos que proporcionar Datos Personales a los organismos de aplicaci\u00f3n de la ley con el fin de cumplir con cualquier obligaci\u00f3n legal u orden judicial.<\/p>\r\n<p><strong>Derechos que puede ejercitar.<\/strong><\/p>\r\n<p>Usted podr\u00e1 ejercitar sus derechos de acceso, rectificaci\u00f3n, supresi\u00f3n, limitaci\u00f3n, portabilidad, revocaci\u00f3n de consentimiento sin que afecte a la limitaci\u00f3n del tratamiento y oposici\u00f3n dirigi\u00e9ndose por escrito a cualquiera de las siguientes direcciones, mediante un correo postal a la siguiente direcci\u00f3n: KONZEPT ARQUITECTURA Y REFORMAS S.L., C\/ Albasanz, 72 Loft 212 28037 Madrid, Espa\u00f1a, o mediante el env\u00edo de un correo electr\u00f3nico a store@estudiokonzept.com.<\/p>\r\n<p>Para ello deber\u00e1 aportar copia de su DNI o documento oficial en vigor que le acredite.<\/p>\r\n<p>Puede presentar igualmente reclamaci\u00f3n ante la Agencia Espa\u00f1ola de Protecci\u00f3n de Datos (www.agpd.es).<\/p>\r\n<p>Si tienes una cuenta o has dejado comentarios en esta web, puedes solicitar recibir un archivo de exportaci\u00f3n de los datos personales que tenemos sobre ti, incluyendo cualquier dato que nos hayas proporcionado. Tambi\u00e9n puedes solicitar que eliminemos cualquier dato personal que tengamos sobre ti. Esto no incluye ning\u00fan dato que estemos obligados a conservar con fines administrativos, legales o de seguridad.<\/p>\r\n<p>Asimismo, cualquier duda, pregunta o comentario acerca de cuestiones relativas al tratamiento de sus datos personales podr\u00e1 hac\u00e9rnosla saber dirigiendo su comunicaci\u00f3n al respecto a la direcci\u00f3n postal o correo electr\u00f3nico anteriormente citado.<\/p>\r\n<p><strong>Medidas de Seguridad.<\/strong><\/p>\r\n<p>Konzept Store ha adoptado los niveles de seguridad de protecci\u00f3n de los datos personales de acuerdo con aquellos que le son requeridos y a su vez facilitados, para ello se dispone de las medidas que consideramos apropiadas y los medios t\u00e9cnicos y organizativos a nuestro alcance con el fin de evitar la p\u00e9rdida, mal uso, alteraci\u00f3n, acceso no autorizado y robo de los datos facilitados en el Sitio Web. No obstante, usted es consciente de que las medidas de seguridad en Internet no son inexpugnables.<\/p>\r\n<p><strong>Conservaci\u00f3n de sus datos.<\/strong><\/p>\r\n<p>Para la conservaci\u00f3n de sus datos personales dispondremos de diferentes criterios a aplicar en funci\u00f3n de cada caso; entre ellos, la vigencia de la relaci\u00f3n contractual, su solicitud de supresi\u00f3n o el no seguir siendo necesarios para el fin que se recabaron. Una vez finalizada la conservaci\u00f3n, sus datos ser\u00e1n bloqueados, quedando a disposici\u00f3n de los Juzgados, la Administraci\u00f3n P\u00fablica, y expresamente las autoridades de protecci\u00f3n de datos, para dar seguimiento a las posibles responsabilidades con motivo del tratamiento durante el plazo de prescripci\u00f3n de \u00e9stas. Una vez cumplido el plazo correspondiente sus datos ser\u00e1n suprimidos. Si solicitas un restablecimiento de contrase\u00f1a, tu direcci\u00f3n IP ser\u00e1 incluida en el correo electr\u00f3nico de restablecimiento.<\/p>\r\n<p>Si dejas un comentario, el comentario y sus metadatos se conservan indefinidamente. Esto es para que podamos reconocer y aprobar comentarios sucesivos autom\u00e1ticamente, en lugar de mantenerlos en una cola de moderaci\u00f3n.<\/p>\r\n<p>\r\n\r\n<\/p>\r\n<p>De los usuarios que se registran en nuestra web (si los hay), tambi\u00e9n almacenamos la informaci\u00f3n personal que proporcionan en su perfil de usuario. Todos los usuarios pueden ver, editar o eliminar su informaci\u00f3n personal en cualquier momento (excepto que no pueden cambiar su nombre de usuario). Los administradores de la web tambi\u00e9n pueden ver y editar esa informaci\u00f3n.<\/p>\r\n<p><strong>Redes sociales y enlaces.<\/strong><\/p>\r\n<p>A trav\u00e9s de las redes sociales (Facebook, Instagram y Pinterest) puede optar por compartir informaci\u00f3n en nuestro Sitio Web. Esto supone que la informaci\u00f3n que comparta, con nombre y preferencias ser\u00e1 visible para los visitantes de sus p\u00e1ginas personales. Nuestra recomendaci\u00f3n es que lea atentamente las pol\u00edticas de privacidad de terceros en las redes sociales que ser\u00e1n las aplicables respecto al tratamiento que hagan de sus Datos Personales.<\/p>\r\n<p>Nuestro Sitio Web puede contener enlaces a otros sitios web pertenecientes a terceros. No somos responsables de las pr\u00e1cticas de privacidad, contenido o seguridad utilizados por esas otros sitios web que no se rigen en ning\u00fan caso por la presente Pol\u00edtica de Privacidad. Nuestra recomendaci\u00f3n es que lea atentamente las pol\u00edticas de privacidad de cualquier sitio web ajeno a Konzept Store.<\/p>\r\n<p><strong>Cookies.<\/strong><\/p>\r\n<p>Cierta informaci\u00f3n referida en esta Pol\u00edtica de Privacidad se recopila a trav\u00e9s de nuestro uso de cookies. Las cookies son peque\u00f1os archivos de texto que contienen informaci\u00f3n que se descarga y se puede almacenar en su dispositivo de usuario (ordenador, Smartphone, Tablet).<\/p>\r\n<p>Estas cookies pueden ser necesarias para recordar la configuraci\u00f3n de su cuenta, el idioma y el pa\u00eds, y otras adem\u00e1s permiten medir y analizar su comportamiento en nuestro Sitio Web y mostrarle anuncios personalizados en nuestro Sitio Web o en sitios web de terceros.<\/p>\r\n<p>Cuando sea necesario, se le pedir\u00e1 su consentimiento para nuestro uso de cookies. Para ello puede encontrar m\u00e1s informaci\u00f3n sobre qu\u00e9 cookies usamos y c\u00f3mo las utilizamos en nuestra secci\u00f3n de Pol\u00edtica de Cookies.<\/p>\r\n<p>Si dejas un comentario en nuestro sitio puedes elegir guardar tu nombre, direcci\u00f3n de correo electr\u00f3nico y web en cookies. Esto es para tu comodidad, para que no tengas que volver a rellenar tus datos cuando dejes otro comentario. Estas cookies tendr\u00e1n una duraci\u00f3n de un a\u00f1o.<\/p>\r\n<p>\r\n\r\n<\/p>\r\n<p>Si tienes una cuenta y te conectas a este sitio, instalaremos una cookie temporal para determinar si tu navegador acepta cookies. Esta cookie no contiene datos personales y se elimina al cerrar el navegador.<\/p>\r\n<p>\r\n\r\n<\/p>\r\n<p>Cuando accedas, tambi\u00e9n instalaremos varias cookies para guardar tu informaci\u00f3n de acceso y tus opciones de visualizaci\u00f3n de pantalla. Las cookies de acceso duran dos d\u00edas, y las cookies de opciones de pantalla duran un a\u00f1o. Si seleccionas \u00abRecu\u00e9rdarme\u00bb, tu acceso perdurar\u00e1 durante dos semanas. Si sales de tu cuenta, las cookies de acceso se eliminar\u00e1n.<\/p>\r\n<p>\r\n\r\n<\/p>\r\n<p>Si editas o publicas un art\u00edculo se guardar\u00e1 una cookie adicional en tu navegador. Esta cookie no incluye datos personales y simplemente indica el ID del art\u00edculo que acabas de editar. Caduca despu\u00e9s de 1 d\u00eda.<\/p>\r\n<p><strong>Contenido incrustado de otros sitios web.<\/strong><\/p>\r\n<p>Los art\u00edculos de este sitio pueden incluir contenido incrustado (por ejemplo, v\u00eddeos, im\u00e1genes, art\u00edculos, etc.). El contenido incrustado de otras webs se comporta exactamente de la misma manera que si el visitante hubiera visitado la otra web.<\/p>\r\n<p>\r\n\r\n<\/p>\r\n<p>Estas web pueden recopilar datos sobre ti, utilizar cookies, incrustar un seguimiento adicional de terceros, y supervisar tu interacci\u00f3n con ese contenido incrustado, incluido el seguimiento de tu interacci\u00f3n con el contenido incrustado si tienes una cuenta y est\u00e1s conectado a esa web.<\/p>\r\n\r\n\r\n\r\n<p><strong>Comentarios.<\/strong><\/p>\r\n\r\n\r\n\r\n<p>Cuando los visitantes dejan comentarios en la web, recopilamos los datos que se muestran en el formulario de comentarios, as\u00ed como la direcci\u00f3n IP del visitante y la cadena de agentes de usuario del navegador para ayudar a la detecci\u00f3n de spam.<\/p>\r\n<p>Los comentarios de los visitantes puede que los revise un servicio de detecci\u00f3n autom\u00e1tica de spam.<\/p>\r\n\r\n\r\n\r\n<p>Una cadena an\u00f3nima creada a partir de tu direcci\u00f3n de correo electr\u00f3nico (tambi\u00e9n llamada hash) puede ser proporcionada al servicio de Gravatar para ver si la est\u00e1s usando. La pol\u00edtica de privacidad del servicio Gravatar est\u00e1 disponible aqu\u00ed: https:\/\/automattic.com\/privacy\/. Despu\u00e9s de la aprobaci\u00f3n de tu comentario, la imagen de tu perfil es visible para el p\u00fablico en el contexto de tu comentario.<\/p>\r\n\r\n\r\n\r\n<p><strong>Medios.<\/strong><\/p>\r\n\r\n\r\n\r\n<p>Si subes im\u00e1genes a la web, deber\u00edas evitar subir im\u00e1genes con datos de ubicaci\u00f3n (GPS EXIF) incluidos. Los visitantes de la web pueden descargar y extraer cualquier dato de ubicaci\u00f3n de las im\u00e1genes de la web.<\/p>\r\n\r\n\r\n\r\n\r\n\r\n\r\n\r\n\r\n\r\n\r\n\r\n\r\n","protected":false},"excerpt":{"rendered":"<p>Por medio del presente aviso\u00a0 KONZEPT ARQUITECTURA Y REFORMAS S.L., en adelante, \u201cKonzept Store\u201d, le informa sobre cu\u00e1l es su\u2026<\/p>\n","protected":false},"author":1,"featured_media":0,"parent":0,"menu_order":0,"comment_status":"closed","ping_status":"open","template":"","meta":{"_monsterinsights_skip_tracking":false,"_monsterinsights_sitenote_active":false,"_monsterinsights_sitenote_note":"","_monsterinsights_sitenote_category":0,"footnotes":""},"acf":[],"aioseo_notices":[],"_links":{"self":[{"href":"https:\/\/estudiokonzept.com\/store\/wp-json\/wp\/v2\/pages\/3"}],"collection":[{"href":"https:\/\/estudiokonzept.com\/store\/wp-json\/wp\/v2\/pages"}],"about":[{"href":"https:\/\/estudiokonzept.com\/store\/wp-json\/wp\/v2\/types\/page"}],"author":[{"embeddable":true,"href":"https:\/\/estudiokonzept.com\/store\/wp-json\/wp\/v2\/users\/1"}],"replies":[{"embeddable":true,"href":"https:\/\/estudiokonzept.com\/store\/wp-json\/wp\/v2\/comments?post=3"}],"version-history":[{"count":3,"href":"https:\/\/estudiokonzept.com\/store\/wp-json\/wp\/v2\/pages\/3\/revisions"}],"predecessor-version":[{"id":5626,"href":"https:\/\/estudiokonzept.com\/store\/wp-json\/wp\/v2\/pages\/3\/revisions\/5626"}],"wp:attachment":[{"href":"https:\/\/estudiokonzept.com\/store\/wp-json\/wp\/v2\/media?parent=3"}],"curies":[{"name":"wp","href":"https:\/\/api.w.org\/{rel}","templated":true}]}}