{"id":3727,"date":"2018-12-28T19:40:21","date_gmt":"2018-12-28T19:40:21","guid":{"rendered":"https:\/\/barberry.temash.design\/furnituredemo\/?page_id=3727"},"modified":"2022-09-13T10:52:28","modified_gmt":"2022-09-13T10:52:28","slug":"preguntas-frecuentes","status":"publish","type":"page","link":"https:\/\/estudiokonzept.com\/store\/preguntas-frecuentes\/","title":{"rendered":"Preguntas frecuentes"},"content":{"rendered":"<section class=\"wpb-content-wrapper\"><p>[vc_row full_width=&#8221;stretch_row_content_no_spaces&#8221; full_height=&#8221;yes&#8221; columns_placement=&#8221;top&#8221; equal_height=&#8221;yes&#8221; content_placement=&#8221;top&#8221;][vc_column css=&#8221;.vc_custom_1654790490652{padding-right: 4vw !important;padding-left: 6.5vw !important;background-color: #f7f7f7 !important;}&#8221; offset=&#8221;vc_col-lg-4 vc_col-md-5&#8243;][vc_row_inner][vc_column_inner offset=&#8221;vc_hidden-sm vc_hidden-xs&#8221;][vc_empty_space height=&#8221;10vw&#8221;][vc_custom_heading text=&#8221;Preguntas<br \/>\nfrecuentes&#8221; font_container=&#8221;tag:h2|font_size:50px|text_align:left|color:%23000000|line_height:50px&#8221; google_fonts=&#8221;font_family:Montserrat%3Aregular%2C700|font_style:700%20bold%20regular%3A700%3Anormal&#8221;][vc_empty_space height=&#8221;20px&#8221;][vc_custom_heading text=&#8221;Aqu\u00ed encontrar\u00e1s la respuesta a las preguntas frecuentes.&#8221; font_container=&#8221;tag:p|font_size:19px|text_align:left|color:%23000000|line_height:24px&#8221; use_theme_fonts=&#8221;yes&#8221;][\/vc_column_inner][\/vc_row_inner][vc_row_inner][vc_column_inner offset=&#8221;vc_hidden-lg vc_hidden-md&#8221;][vc_empty_space height=&#8221;80px&#8221;][vc_custom_heading text=&#8221;Preguntas<br \/>\nfrecuentes&#8221; font_container=&#8221;tag:h2|font_size:40px|text_align:center|color:%23000000|line_height:40px&#8221; google_fonts=&#8221;font_family:Montserrat%3Aregular%2C700|font_style:700%20bold%20regular%3A700%3Anormal&#8221;][vc_empty_space height=&#8221;20px&#8221;][vc_custom_heading text=&#8221;Aqu\u00ed encontrar\u00e1s la respuesta a las preguntas frecuentes.&#8221; font_container=&#8221;tag:p|font_size:19px|text_align:center|color:%23000000|line_height:26px&#8221; use_theme_fonts=&#8221;yes&#8221;][vc_empty_space height=&#8221;30px&#8221;][\/vc_column_inner][\/vc_row_inner][\/vc_column][vc_column offset=&#8221;vc_col-lg-8 vc_col-md-7&#8243; css=&#8221;.vc_custom_1545636776711{padding-right: 7vw !important;padding-left: 7vw !important;}&#8221;][vc_row_inner][vc_column_inner offset=&#8221;vc_hidden-md vc_hidden-sm vc_hidden-xs&#8221;][vc_empty_space height=&#8221;12vw&#8221;][\/vc_column_inner][\/vc_row_inner][vc_row_inner][vc_column_inner offset=&#8221;vc_hidden-lg vc_hidden-sm vc_hidden-xs&#8221;][vc_empty_space height=&#8221;14vw&#8221;][\/vc_column_inner][\/vc_row_inner][vc_row_inner][vc_column_inner offset=&#8221;vc_hidden-lg vc_hidden-md&#8221;][vc_empty_space height=&#8221;40px&#8221;][\/vc_column_inner][\/vc_row_inner][vc_row_inner][vc_column_inner][vc_custom_heading text=&#8221;ATENCI\u00d3N AL CLIENTE&#8221; font_container=&#8221;tag:h2|font_size:20px|text_align:left|color:%23000000|line_height:24px&#8221; google_fonts=&#8221;font_family:Montserrat%3Aregular%2C700|font_style:700%20bold%20regular%3A700%3Anormal&#8221;][vc_empty_space height=&#8221;50px&#8221;][\/vc_column_inner][\/vc_row_inner][vc_row_inner css=&#8221;.vc_custom_1545639505775{margin-bottom: 30px !important;}&#8221;][vc_column_inner css=&#8221;.vc_custom_1545637744226{padding-right: 30px !important;}&#8221;][vc_column_text]<strong><u>\u00bfC\u00f3mo puedo contactar con vosotros?<\/u><\/strong>[\/vc_column_text][vc_column_text]Aqu\u00ed te dejamos nuestros tel\u00e9fonos y direcciones de correo para que puedas ponerte en contacto con nosotros de la forma que t\u00fa elijas:<\/p>\n<p>Tel\u00e9fono atenci\u00f3n al cliente: 91 920 40 04 en horario de 09:00h a 18:00h de lunes a jueves y de 09:00h a 15:00h los viernes.<\/p>\n<p>Email: <a href=\"mailto:store@estudiokonzept.com\">store@estudiokonzept.com<\/a><\/p>\n<p>Email pedidos: <a href=\"mailto:pedidos@estudiokonzept.com\">pedidos@estudiokonzept.com<\/a><\/p>\n<p>Email devoluciones: <a href=\"mailto:devoluciones@estudiokonzept.com\">devoluciones@estudiokonzept.com<\/a>[\/vc_column_text][\/vc_column_inner][\/vc_row_inner][vc_separator color=&#8221;custom&#8221; accent_color=&#8221;#d6d3d0&#8243;][vc_row_inner][vc_column_inner][vc_empty_space height=&#8221;30px&#8221;][vc_custom_heading text=&#8221;ENV\u00cdOS, PLAZOS DE ENTREGA Y GASTOS DE ENV\u00cdO&#8221; font_container=&#8221;tag:h2|font_size:20px|text_align:left|color:%23000000|line_height:24px&#8221; google_fonts=&#8221;font_family:Montserrat%3Aregular%2C700|font_style:700%20bold%20regular%3A700%3Anormal&#8221;][vc_empty_space height=&#8221;50px&#8221;][\/vc_column_inner][\/vc_row_inner][vc_row_inner css=&#8221;.vc_custom_1545639513198{margin-bottom: 30px !important;}&#8221;][vc_column_inner css=&#8221;.vc_custom_1545637744226{padding-right: 30px !important;}&#8221;][vc_column_text]<strong><u>\u00bfCu\u00e1ndo recibir\u00e9 mi pedido?<\/u><\/strong>[\/vc_column_text][vc_column_text]Uno de nuestros objetivos es cuidar de nuestro planeta, por ello, para minimizar el impacto que tienen los transportes, intentamos agrupar el m\u00e1ximo n\u00famero de pedidos y as\u00ed reducir el consumo.<\/p>\n<p>Nuestros plazos de entrega aproximados son en Pen\u00ednsula: para productos en stock de 3 a 7 d\u00edas h\u00e1biles, de 20 a 25 d\u00edas h\u00e1biles si se trata de un pedido de fabricaci\u00f3n a medida (producto bajo pedido) y si es un art\u00edculo de importaci\u00f3n cons\u00faltanos para saber la fecha exacta.<\/p>\n<p>Para las entregas en Baleares el plazo es de 5 a 12 d\u00edas h\u00e1biles.<\/p>\n<p>Entregas urgentes: Si necesitas el pedido urgente o en una fecha concreta, ponte en contacto con nosotros y buscaremos la mejor opci\u00f3n para poder hacer la entrega m\u00e1s r\u00e1pida si fuera posible.<\/p>\n<p>Muchos de nuestros productos son de fabricaci\u00f3n artesanal, art\u00edculos \u00fanicos, antig\u00fcedades o piezas con gran valor, por ello trabajamos con empresas de log\u00edstica especializadas y las fechas de entregas para algunos productos pueden ser estimadas. Os notificaremos a trav\u00e9s de un email el seguimiento del pedido donde se ver\u00e1 reflejada la fecha y franja horaria de entrega del mismo.<\/p>\n<p>Hay que tener en cuenta que los plazos establecidos contabilizan desde que el pedido se formaliza en nuestra base de datos y el pago ha sido recibido.<\/p>\n<p>Trabajamos para que en un futuro cercano todas las entregas se puedan realizar con veh\u00edculos cero emisiones y seguir cuidado de nuestro gran peque\u00f1o planeta.[\/vc_column_text][\/vc_column_inner][\/vc_row_inner][vc_row_inner css=&#8221;.vc_custom_1545639519522{margin-bottom: 30px !important;}&#8221;][vc_column_inner css=&#8221;.vc_custom_1545637744226{padding-right: 30px !important;}&#8221;][vc_column_text]<strong><u>\u00bfQu\u00e9 gastos de entrega tiene mi pedido?<\/u><\/strong>[\/vc_column_text][vc_column_text]Los pedidos superiores a 300\u20ac tienen gastos de env\u00edo gratis en Pen\u00ednsula y para pedidos con entrega en Baleares, contacta con nosotros envi\u00e1ndonos un email con el n\u00famero de pedido y el c\u00f3digo postal de la direcci\u00f3n de destino y te informaremos sobre los gastos de env\u00edo si los hubiera.<\/p>\n<p>Los pedidos inferiores a 300\u20ac, llevar\u00e1n unos gastos de entrega que depender\u00e1n del cubicaje y peso final del producto, los ver\u00e1s indicados y a\u00f1adidos al coste de tu carrito de compra antes de finalizar el proceso.[\/vc_column_text][\/vc_column_inner][\/vc_row_inner][vc_row_inner css=&#8221;.vc_custom_1545639519522{margin-bottom: 30px !important;}&#8221;][vc_column_inner css=&#8221;.vc_custom_1545637744226{padding-right: 30px !important;}&#8221;][vc_column_text]<strong><u>\u00bfC\u00f3mo son las entregas?<\/u><\/strong>[\/vc_column_text][vc_column_text]Nuestros transportistas siempre realizar\u00e1n las entregas a pie de calle, es decir, no incluye la subida de los art\u00edculos al domicilio, pero puedes consultarnos en <a href=\"mailto:store@estudiokonzept.com\">store@estudiokonzept.com<\/a><\/p>\n<p>para ampliar esta informaci\u00f3n y ver si existe la posibilidad de a\u00f1adir el suplemento de entrega en domicilio a tu pedido. En el caso de que se tenga que realizar en una zona peatonal, residencial o de dif\u00edcil acceso para el veh\u00edculo del transportista, se dejar\u00e1 en la zona accesible m\u00e1s pr\u00f3xima a la de la entrega.[\/vc_column_text][\/vc_column_inner][\/vc_row_inner][vc_row_inner css=&#8221;.vc_custom_1545639519522{margin-bottom: 30px !important;}&#8221;][vc_column_inner css=&#8221;.vc_custom_1545637744226{padding-right: 30px !important;}&#8221;][vc_column_text]<strong><u>Si pido varios art\u00edculos, \u00bfme llegar\u00e1n en un mismo env\u00edo?<\/u><\/strong>[\/vc_column_text][vc_column_text]Siempre que los art\u00edculos provengan del mismo almac\u00e9n, sean entregados por la misma empresa de transporte y no exista mucha diferencia de plazos de fabricaci\u00f3n o entrega entre ellos, intentamos realizar la entrega de forma agrupada pero no podemos garantizar que sea as\u00ed en todos los pedidos y para ello te enviaremos informaci\u00f3n actualizada del estado de tu pedido.[\/vc_column_text][\/vc_column_inner][\/vc_row_inner][vc_row_inner css=&#8221;.vc_custom_1545639519522{margin-bottom: 30px !important;}&#8221;][vc_column_inner css=&#8221;.vc_custom_1545637744226{padding-right: 30px !important;}&#8221;][vc_column_text]<strong><u>\u00bfPuedo cambiar mi direcci\u00f3n de entrega?<\/u><\/strong>[\/vc_column_text][vc_column_text]Puedes cambiar tu direcci\u00f3n de entrega desde \u201cMi cuenta\u201d en cualquier momento y hasta 72horas antes de que procesemos tu pedido. Una vez procesado, lo sentimos, pero la direcci\u00f3n no podr\u00e1 modificarse.[\/vc_column_text][\/vc_column_inner][\/vc_row_inner][vc_row_inner css=&#8221;.vc_custom_1545639519522{margin-bottom: 30px !important;}&#8221;][vc_column_inner css=&#8221;.vc_custom_1545637744226{padding-right: 30px !important;}&#8221;][vc_column_text]<strong><u>\u00bfPuedo modificar mi pedido?<\/u><\/strong>[\/vc_column_text][vc_column_text]Tramitado el pedido no podr\u00e1s realizar ninguna modificaci\u00f3n a excepci\u00f3n de los datos\u00a0 de contacto y la direcci\u00f3n de entrega en el apartado de &#8220;<a href=\"https:\/\/estudiokonzept.com\/store\/mi-cuenta\/orders\/\">Mis pedidos<\/a>&#8221; de &#8220;<a href=\"https:\/\/estudiokonzept.com\/store\/mi-cuenta\/\">Mi cuenta<\/a>&#8220;. Por favor deber\u00e1s informarnos tambi\u00e9n en <a href=\"mailto:store@estudiokonzept.com\">store@estudiokonzept.com<\/a> indicando tu nombre y apellidos, direcci\u00f3n, n\u00ba de pedido y albar\u00e1n de entrega.[\/vc_column_text][\/vc_column_inner][\/vc_row_inner][vc_row_inner css=&#8221;.vc_custom_1545639519522{margin-bottom: 30px !important;}&#8221;][vc_column_inner css=&#8221;.vc_custom_1545637744226{padding-right: 30px !important;}&#8221;][vc_column_text]<strong><u>\u00bfPuedo cancelar mi pedido?<\/u><\/strong>[\/vc_column_text][vc_column_text]Puedes cancelar tu pedido siempre que el pedido no se haya enviado.<br \/>\nSi ya has recibido el pedido ponte en contacto con nosotros en <a href=\"mailto:store@estudiokonzept.com\">store@estudiokonzept.com<\/a> indicando tu nombre y apellidos, direcci\u00f3n, n\u00ba de pedido y albar\u00e1n de entrega.\u00a0 Te indicaremos para iniciar proceso de devoluci\u00f3n.[\/vc_column_text][\/vc_column_inner][\/vc_row_inner][vc_row_inner css=&#8221;.vc_custom_1545639519522{margin-bottom: 30px !important;}&#8221;][vc_column_inner css=&#8221;.vc_custom_1545637744226{padding-right: 30px !important;}&#8221;][vc_column_text]<strong><u>\u00bfD\u00f3nde puedo localizar mi pedido?<\/u><\/strong><br \/>\n[\/vc_column_text][vc_column_text]En la p\u00e1gina principal de konzept Store puedes saber el estado de tu pedido en cualquier momento. Ve a la secci\u00f3n &#8220;<a href=\"https:\/\/estudiokonzept.com\/store\/estado-de-mi-pedido\/\">Estado de mi pedido<\/a>&#8221; para saber su estado o ponte en contacto con nosotros en <a href=\"mailto:store@estudiokonzept.com\">store@estudiokonzept.com<\/a> indicando tu nombre y apellidos, direcci\u00f3n, n\u00ba de pedido y albar\u00e1n de entrega.[\/vc_column_text][\/vc_column_inner][\/vc_row_inner][vc_row_inner css=&#8221;.vc_custom_1545639519522{margin-bottom: 30px !important;}&#8221;][vc_column_inner css=&#8221;.vc_custom_1545637744226{padding-right: 30px !important;}&#8221;][vc_column_text]<strong><u>\u00bfPor qu\u00e9 no entregaron mi pedido?<\/u><\/strong>[\/vc_column_text][vc_column_text]En algunos casos, cuando la direcci\u00f3n, tel\u00e9fono o datos de entrega no son correctos, el transportista no puede realizar la entrega, por ello es muy importante revisar todos los datos antes de proceder al abono del pedido.<\/p>\n<p>Nuestras empresas de transporte trabajan con 2 intentos de entrega.[\/vc_column_text][\/vc_column_inner][\/vc_row_inner][vc_row_inner css=&#8221;.vc_custom_1545639519522{margin-bottom: 30px !important;}&#8221;][vc_column_inner css=&#8221;.vc_custom_1545637744226{padding-right: 30px !important;}&#8221;][vc_column_text]<strong><u>Si quiero un art\u00edculo que aparece como agotado, \u00bfpuedo conseguirlo?<\/u><\/strong>[\/vc_column_text][vc_column_text]La gran mayor\u00eda de nuestros art\u00edculos est\u00e1n en stock pero puede ocurrir que por motivos de fabricaci\u00f3n, algunas piezas aparezcan como agotadas, en este caso, env\u00edanos un email con la consulta a <a href=\"mailto:pedidos@estudiokonzept.com\">pedidos@estudiokonzept.com<\/a> y te responderemos lo antes posible con la disponibilidad del producto.[\/vc_column_text][\/vc_column_inner][\/vc_row_inner][vc_row_inner css=&#8221;.vc_custom_1545639519522{margin-bottom: 30px !important;}&#8221;][vc_column_inner css=&#8221;.vc_custom_1545637744226{padding-right: 30px !important;}&#8221;][vc_column_text]<strong><u>\u00bfQu\u00e9 tengo que hacer cuando reciba mi pedido?<\/u><\/strong>[\/vc_column_text][vc_column_text]A la recepci\u00f3n de la mercanc\u00eda, antes de firmar el albar\u00e1n de entrega, deber\u00e1s revisar y confirmar el n\u00famero de bultos que se indiquen. Sino puedes revisar la mercanc\u00eda en ese momento indica siempre: \u201cpendiente de revisar\u201d o haz una foto de los embalajes. En caso de encontrar da\u00f1ado el embalaje, d\u00e9jalo anotado en el albar\u00e1n de entrega y notif\u00edcanoslo antes de 24horas desde la recepci\u00f3n del pedido. Para m\u00e1s informaci\u00f3n acerca de las entregas consulta nuestra secci\u00f3n: <a href=\"https:\/\/estudiokonzept.com\/store\/problemas-con-mi-pedido\/\">https:\/\/estudiokonzept.com\/store\/problemas-con-mi-pedido\/<\/a>[\/vc_column_text][\/vc_column_inner][\/vc_row_inner][vc_separator color=&#8221;custom&#8221; accent_color=&#8221;#d6d3d0&#8243;][vc_row_inner][vc_column_inner][vc_empty_space height=&#8221;30px&#8221;][vc_custom_heading text=&#8221;DEVOLUCIONES, INCIDENCIAS Y REEMBOLSOS&#8221; font_container=&#8221;tag:h2|font_size:20px|text_align:left|color:%23000000|line_height:24px&#8221; google_fonts=&#8221;font_family:Montserrat%3Aregular%2C700|font_style:700%20bold%20regular%3A700%3Anormal&#8221;][vc_empty_space height=&#8221;50px&#8221;][\/vc_column_inner][\/vc_row_inner][vc_row_inner css=&#8221;.vc_custom_1545639573691{margin-bottom: 30px !important;}&#8221;][vc_column_inner css=&#8221;.vc_custom_1545637744226{padding-right: 30px !important;}&#8221;][vc_column_text]<strong><u>\u00bfC\u00f3mo puedo devolver mi pedido?<\/u><\/strong>[\/vc_column_text][vc_column_text]Si has cambiado de opini\u00f3n, no te convence o simplemente no es lo que esperabas, no te preocupes, dispones de 14 d\u00edas naturales desde la recepci\u00f3n del art\u00edculo para ponerte en contacto con nosotros y notificar la devoluci\u00f3n. Te pedimos por favor que el producto se encuentre en el mismo estado en el que lo has recibido y con su embalaje original. Una vez recibamos el art\u00edculo y comprobemos su estado procederemos a hacerte el reembolso en el mismo m\u00e9todo de pago. Transcurrido ese plazo, no se admitir\u00e1n devoluciones. Ampl\u00eda m\u00e1s informaci\u00f3n sobre nuestra pol\u00edtica de devoluciones en:<\/p>\n<p><a href=\"https:\/\/estudiokonzept.com\/store\/devoluciones\/\">https:\/\/estudiokonzept.com\/store\/devoluciones\/<\/a><\/p>\n<p>No se podr\u00e1n realizar devoluciones de los productos fabricados a medida y\/o personalizados exceptuando aquellos que lleguen defectuosos o no correspondan al pedido. Si el pedido realizado tiene un contrato financiado por cualquiera de nuestras plataformas, la devoluci\u00f3n dar\u00e1 lugar a la resoluci\u00f3n del cr\u00e9dito sin penalizaci\u00f3n al consumidor si son las condiciones acordadas de contrato entre las partes.<\/p>\n<p>En el caso de pedidos realizados para el sector <em>contract<\/em> o con una facturaci\u00f3n profesional a una sociedad\/aut\u00f3nomo, no se admiten devoluciones de los mismos.[\/vc_column_text][\/vc_column_inner][\/vc_row_inner][vc_row_inner css=&#8221;.vc_custom_1545639579137{margin-bottom: 30px !important;}&#8221;][vc_column_inner css=&#8221;.vc_custom_1545637744226{padding-right: 30px !important;}&#8221;][vc_column_text]<strong><u>La mercanc\u00eda ha llegado en mal estado<\/u><\/strong>[\/vc_column_text][vc_column_text]Nos tomamos muy en serio la calidad de nuestros productos y la preparaci\u00f3n a tiempo de tus pedidos pero a veces, las cosas no salen como nos gustar\u00eda. Si has recibido alg\u00fan producto da\u00f1ado, defectuoso o con alg\u00fan deterioro, por favor, env\u00edanos un email notif\u00edcanoslo antes de las 24h siguientes a su recepci\u00f3n en <a href=\"mailto:devoluciones@estudiokonzept.com\">devoluciones@estudiokonzept.com<\/a> para que podamos gestionar r\u00e1pidamente su recogida.[\/vc_column_text][\/vc_column_inner][\/vc_row_inner][vc_separator color=&#8221;custom&#8221; accent_color=&#8221;#d6d3d0&#8243;][vc_row_inner][vc_column_inner][vc_empty_space height=&#8221;30px&#8221;][vc_custom_heading text=&#8221;FORMAS DE PAGO y FACTURAS&#8221; font_container=&#8221;tag:h2|font_size:20px|text_align:left|color:%23000000|line_height:24px&#8221; google_fonts=&#8221;font_family:Montserrat%3Aregular%2C700|font_style:700%20bold%20regular%3A700%3Anormal&#8221;][vc_empty_space height=&#8221;50px&#8221;][\/vc_column_inner][\/vc_row_inner][vc_row_inner css=&#8221;.vc_custom_1545639768226{margin-bottom: 30px !important;}&#8221;][vc_column_inner css=&#8221;.vc_custom_1545637744226{padding-right: 30px !important;}&#8221;][vc_column_text]<strong><u>\u00bfC\u00f3mo puedo obtener una factura de mi pedido?<\/u><\/strong>[\/vc_column_text][vc_column_text]Para obtener una factura de tu pedido, escr\u00edbenos un email con la referencia del pedido a: <a href=\"mailto:store@estudiokonzept.com\">store@estudiokonzept.com<\/a>[\/vc_column_text][\/vc_column_inner][\/vc_row_inner][vc_row_inner css=&#8221;.vc_custom_1545639775504{margin-bottom: 30px !important;}&#8221;][vc_column_inner css=&#8221;.vc_custom_1545637744226{padding-right: 30px !important;}&#8221;][vc_column_text]<strong><u>\u00bfC\u00f3mo puedo pagar mi pedido?<\/u><\/strong>[\/vc_column_text][vc_column_text]Puedes realizar el abono de tus pedidos con: tarjeta de cr\u00e9dito o d\u00e9bito, transferencia bancaria o trav\u00e9s de las plataformas de Paypal y Paypal en 3. Puedes encontrar m\u00e1s informaci\u00f3n sobre m\u00e9todos de pago en este enlace: <a href=\"https:\/\/estudiokonzept.com\/store\/formas-de-pago\/\">https:\/\/estudiokonzept.com\/store\/formas-de-pago\/<\/a>[\/vc_column_text][\/vc_column_inner][\/vc_row_inner][vc_separator color=&#8221;custom&#8221; accent_color=&#8221;#d6d3d0&#8243;][vc_row_inner][vc_column_inner][vc_empty_space height=&#8221;30px&#8221;][vc_custom_heading text=&#8221;PROBLEMAS CON MI PEDIDO&#8221; font_container=&#8221;tag:h2|font_size:20px|text_align:left|color:%23000000|line_height:24px&#8221; google_fonts=&#8221;font_family:Montserrat%3Aregular%2C700|font_style:700%20bold%20regular%3A700%3Anormal&#8221;][vc_empty_space height=&#8221;50px&#8221;][\/vc_column_inner][\/vc_row_inner][vc_row_inner css=&#8221;.vc_custom_1545639775504{margin-bottom: 30px !important;}&#8221;][vc_column_inner css=&#8221;.vc_custom_1545637744226{padding-right: 30px !important;}&#8221;][vc_column_text]Si no has encontrado respuesta a tu problema en ninguna de nuestras preguntas frecuentes, por favor ponte en contacto con nosotros para comunicarnos la incidencia referente a tu pedido en: <a href=\"mailto:store@estudiokonzept.com\">store@estudiokonzept.com<\/a> indicando tu nombre y apellidos, direcci\u00f3n, n\u00ba de pedido y albar\u00e1n de entrega.<\/p>\n<p>Estamos aqu\u00ed para ayudarte.[\/vc_column_text][\/vc_column_inner][\/vc_row_inner][vc_separator color=&#8221;custom&#8221; accent_color=&#8221;#d6d3d0&#8243;][vc_row_inner][vc_column_inner][vc_empty_space height=&#8221;30px&#8221;][vc_custom_heading text=&#8221;OTRAS PREGUNTAS&#8221; font_container=&#8221;tag:h2|font_size:20px|text_align:left|color:%23000000|line_height:24px&#8221; google_fonts=&#8221;font_family:Montserrat%3Aregular%2C700|font_style:700%20bold%20regular%3A700%3Anormal&#8221;][vc_empty_space height=&#8221;50px&#8221;][\/vc_column_inner][\/vc_row_inner][vc_row_inner css=&#8221;.vc_custom_1545639780690{margin-bottom: 30px !important;}&#8221;][vc_column_inner css=&#8221;.vc_custom_1545637744226{padding-right: 30px !important;}&#8221;][vc_column_text]<strong><u>\u00bfTen\u00e9is servicio de montaje de muebles?<\/u><\/strong>[\/vc_column_text][vc_column_text]En caso de necesitar servicio de subida a planta, montaje o desembalaje de mobiliario, por favor cons\u00faltanos si te podemos dar este servicio y que suplemento de coste conlleva. \u00a0Nos adaptamos a tus necesidades y hacemos de tu experiencia de compra algo c\u00f3moda y f\u00e1cil siempre que est\u00e9 en nuestra mano.[\/vc_column_text][\/vc_column_inner][\/vc_row_inner][vc_row_inner css=&#8221;.vc_custom_1545639780690{margin-bottom: 30px !important;}&#8221;][vc_column_inner css=&#8221;.vc_custom_1545637744226{padding-right: 30px !important;}&#8221;][vc_column_text]<strong><u>\u00bfRealiz\u00e1is proyectos integrales y proyectos <em>contract<\/em>?<\/u><\/strong>[\/vc_column_text][vc_column_text]S\u00ed, forman parte de nuestra plantilla arquitectos e interioristas que se dedican a realizar proyectos de obra, reformas, interiorismo, decoraci\u00f3n y asesoramiento de proyecto tanto para particulares como para negocios. Cu\u00e9ntanos m\u00e1s sobre tu proyecto y estaremos encantados de ayudarte. Descubre m\u00e1s sobre nuestros proyectos en: <a href=\"https:\/\/estudiokonzept.com\/\">https:\/\/estudiokonzept.com\/<\/a>[\/vc_column_text][\/vc_column_inner][\/vc_row_inner][vc_empty_space height=&#8221;50px&#8221;][\/vc_column][\/vc_row]<\/p>\n<\/section>","protected":false},"excerpt":{"rendered":"<p>[vc_row full_width=&#8221;stretch_row_content_no_spaces&#8221; full_height=&#8221;yes&#8221; columns_placement=&#8221;top&#8221; equal_height=&#8221;yes&#8221; content_placement=&#8221;top&#8221;][vc_column css=&#8221;.vc_custom_1654790490652{padding-right: 4vw !important;padding-left: 6.5vw !important;background-color: #f7f7f7 !important;}&#8221; offset=&#8221;vc_col-lg-4 vc_col-md-5&#8243;][vc_row_inner][vc_column_inner offset=&#8221;vc_hidden-sm vc_hidden-xs&#8221;][vc_empty_space height=&#8221;10vw&#8221;][vc_custom_heading text=&#8221;Preguntas frecuentes&#8221;\u2026<\/p>\n","protected":false},"author":1,"featured_media":0,"parent":0,"menu_order":0,"comment_status":"closed","ping_status":"closed","template":"","meta":{"_monsterinsights_skip_tracking":false,"_monsterinsights_sitenote_active":false,"_monsterinsights_sitenote_note":"","_monsterinsights_sitenote_category":0,"footnotes":""},"acf":[],"aioseo_notices":[],"_links":{"self":[{"href":"https:\/\/estudiokonzept.com\/store\/wp-json\/wp\/v2\/pages\/3727"}],"collection":[{"href":"https:\/\/estudiokonzept.com\/store\/wp-json\/wp\/v2\/pages"}],"about":[{"href":"https:\/\/estudiokonzept.com\/store\/wp-json\/wp\/v2\/types\/page"}],"author":[{"embeddable":true,"href":"https:\/\/estudiokonzept.com\/store\/wp-json\/wp\/v2\/users\/1"}],"replies":[{"embeddable":true,"href":"https:\/\/estudiokonzept.com\/store\/wp-json\/wp\/v2\/comments?post=3727"}],"version-history":[{"count":50,"href":"https:\/\/estudiokonzept.com\/store\/wp-json\/wp\/v2\/pages\/3727\/revisions"}],"predecessor-version":[{"id":9133,"href":"https:\/\/estudiokonzept.com\/store\/wp-json\/wp\/v2\/pages\/3727\/revisions\/9133"}],"wp:attachment":[{"href":"https:\/\/estudiokonzept.com\/store\/wp-json\/wp\/v2\/media?parent=3727"}],"curies":[{"name":"wp","href":"https:\/\/api.w.org\/{rel}","templated":true}]}}