{"id":3935,"date":"2022-01-21T13:45:30","date_gmt":"2022-01-21T13:45:30","guid":{"rendered":"https:\/\/estudiokonzept.com\/store\/?page_id=3935"},"modified":"2022-09-17T19:15:24","modified_gmt":"2022-09-17T19:15:24","slug":"aviso-legal","status":"publish","type":"page","link":"https:\/\/estudiokonzept.com\/store\/aviso-legal\/","title":{"rendered":"Aviso Legal"},"content":{"rendered":"<section class=\"wpb-content-wrapper\"><p>[vc_row][vc_column][vc_column_text]La privacidad de los datos es una cuesti\u00f3n de suma importancia para konzept Store. Queremos ser abiertos y transparentes respecto al tratamiento que le damos a tu informaci\u00f3n personal. Esta pol\u00edtica describe el tipo de informaci\u00f3n que recopilamos, c\u00f3mo la tratamos y protegemos, y a qui\u00e9n dirigir tus consultas o comentarios.<\/p>\n<p><strong>Informaci\u00f3n General.<\/strong><\/p>\n<p>En cumplimiento con el deber de informaci\u00f3n dispuesto en la Ley 34\/2002 de servicios de la Sociedad de la Informaci\u00f3n y el Comercio Electr\u00f3nico (LSSI-CE) de 11 de julio, se facilitan a continuaci\u00f3n los siguientes datos de informaci\u00f3n general de este sitio web:<\/p>\n<p>La titularidad de este sitio web, www.estudiokonzept.com\/store, (en adelante, TITULAR) la ostenta: KONZEPT ARQUITECTURA Y REFORMAS S.L.\u00a0 provista de CIF: B88565544, inscrita en el Registro Mercantil de Madrid con los siguientes datos registrales: inscripci\u00f3n 1\u00aa, hoja M-711728, folio 64, tomo 40058 y cuyos datos de contacto son:<\/p>\n<p>Direcci\u00f3n: C\/ Albasanz, 72 Loft 212, 28037 Madrid, Espa\u00f1a.<br \/>\nTel\u00e9fono de contacto: 91 920 40 04<br \/>\nEmail de contacto: store@estudiokonzept.com<\/p>\n<p><strong>Usuarios.<\/strong><\/p>\n<p>2. Las presentes condiciones (en adelante Aviso Legal) tiene por finalidad regular el uso de la p\u00e1gina web de EL TITULAR que pone a disposici\u00f3n del p\u00fablico.<br \/>\nEl acceso y\/o uso de esta p\u00e1gina web atribuye la condici\u00f3n de USUARIO, que acepta, desde dicho acceso y\/o uso, las condiciones generales de uso aqu\u00ed reflejadas. Las citadas condiciones ser\u00e1n de aplicaci\u00f3n independientemente de las condiciones generales de contrataci\u00f3n que en su caso resulten de obligado cumplimiento.<\/p>\n<p><strong>Uso del portal.<\/strong><\/p>\n<p>3.\u00a0<a href=\"https:\/\/estudiokonzept.com\/store\">https:\/\/estudiokonzept.com\/store<\/a>\u00a0proporciona el acceso a multitud de informaciones, servicios, programas o datos (en adelante, \u201clos contenidos\u201d) en Internet pertenecientes a EL TITULAR o a sus licenciantes a los que el USUARIO puede tener acceso.<br \/>\nEl usuario asume la responsabilidad del uso del portal. Dicha responsabilidad se extiende al registro que fuese necesario para acceder a determinados servicios o contenidos. En dicho registro el USUARIO ser\u00e1 responsable de aportar informaci\u00f3n veraz y l\u00edcita. Como consecuencia de este registro, al USUARIO se le puede proporcionar una contrase\u00f1a de la que ser\u00e1 responsable, comprometi\u00e9ndose a hacer un uso diligente y confidencial de la misma.<\/p>\n<p>El USUARIO se compromete a hacer un uso adecuado de los contenidos y servicios (p.e. servicios de chat, foros de discusi\u00f3n o grupos de noticias) que EL TITULAR ofrece a trav\u00e9s de su portal y con car\u00e1cter enunciativo pero no limitativo, a no emplearlos para:<\/p>\n<p>\u2022 Incurrir en actividades il\u00edcitas, ilegales o contrarias a la buena fe y al orden p\u00fablico.<br \/>\n\u2022 Difundir contenidos o propaganda racista, xen\u00f3foba, pornogr\u00e1fico-ilegal, de apolog\u00eda del terrorismo o atentatoria contra los derechos humanos.<br \/>\n\u2022 Provocar da\u00f1os en los sistemas f\u00edsicos y l\u00f3gicos de nuestra web, de sus proveedores o de terceras personas, introducir o difundir en la red virus inform\u00e1ticos o cualesquiera otros sistemas f\u00edsicos o l\u00f3gicos que sean susceptibles de provocar los da\u00f1os anteriormente mencionados.<br \/>\n\u2022 Intentar acceder y, en su caso, utilizar las cuentas de correo electr\u00f3nico de otros usuarios y modificar o manipular sus mensajes.<br \/>\n\u2022 Utilizar el sitio web ni las informaciones que en \u00e9l se contienen con fines comerciales, pol\u00edticos, publicitarios y para cualquier uso comercial, sobre todo en el env\u00edo de correos electr\u00f3nicos no solicitados.<br \/>\nEL TITULAR se reserva el derecho a retirar todos aquellos comentarios y aportaciones que vulneren el respeto a la dignidad de la persona, que sean discriminatorios, xen\u00f3fobos, racistas pornogr\u00e1ficos, que atenten contra la juventud o la infancia, el orden o la seguridad p\u00fablica o que, a su juicio, no resultar\u00e1n adecuados para su publicaci\u00f3n. En cualquier caso, EL TITULAR no ser\u00e1 responsable de las opiniones vertidas por los usuarios a trav\u00e9s de los foros, chats, u otras herramientas de participaci\u00f3n.<\/p>\n<p><strong>Protecci\u00f3n de datos.<\/strong><\/p>\n<p>4. Todo lo relativo a la pol\u00edtica de protecci\u00f3n de datos se encuentra recogido en el documento de pol\u00edtica de privacidad.<\/p>\n<p><strong>Contenidos. Propiedad intelectual e industrial.<\/strong><\/p>\n<p>5. EL TITULAR es propietario de todos los derechos de propiedad intelectual e industrial de su p\u00e1gina web, as\u00ed como de los elementos contenidos en la misma (a t\u00edtulo enunciativo: im\u00e1genes, fotograf\u00edas, sonido, audio, v\u00eddeo, software o textos; marcas o logotipos, combinaciones de colores, estructura y dise\u00f1o, selecci\u00f3n de materiales usados, programas de ordenador necesarios para su funcionamiento, acceso y uso, etc), titularidad del TITULAR o bien de sus licenciantes.<br \/>\nTodos los derechos reservados. En virtud de lo dispuesto en los art\u00edculos 8 y 32.1, p\u00e1rrafo segundo, de la Ley de Propiedad Intelectual, quedan expresamente prohibidas la reproducci\u00f3n, la distribuci\u00f3n y la comunicaci\u00f3n p\u00fablica, incluida su modalidad de puesta a disposici\u00f3n, de la totalidad o parte de los contenidos de esta p\u00e1gina web, con fines comerciales, en cualquier soporte y por cualquier medio t\u00e9cnico, sin la autorizaci\u00f3n del TITULAR.<\/p>\n<p><strong>Exclusi\u00f3n de garant\u00edas y responsabilidad.<\/strong><\/p>\n<p>6. EL USUARIO reconoce que la utilizaci\u00f3n de la p\u00e1gina web y de sus contenidos y servicios se desarrolla bajo su exclusiva responsabilidad. En concreto, a t\u00edtulo meramente enunciativo, EL TITULAR no asume ninguna responsabilidad en los siguientes \u00e1mbitos:<br \/>\na) La disponibilidad del funcionamiento de la p\u00e1gina web, sus servicios y contenidos y su calidad o interoperabilidad.<br \/>\nb) La finalidad para la que la p\u00e1gina web sirva a los objetivos del USUARIO.<br \/>\nc) La infracci\u00f3n de la legislaci\u00f3n vigente por parte del USUARIO o terceros y, en concreto, de los derechos de propiedad intelectual e industrial que sean titularidad de otras personas o entidades.<br \/>\nd) La existencia de c\u00f3digos maliciosos o cualquier otro elemento inform\u00e1tico da\u00f1ino que pudiera causar el sistema inform\u00e1tico del USUARIO o de terceros. Corresponde al USUARIO, en todo caso, disponer de herramientas adecuadas para la detecci\u00f3n y desinfecci\u00f3n de estos elementos.<br \/>\ne) El acceso fraudulento a los contenidos o servicios por terceros no autorizados, o, en su caso, la captura, eliminaci\u00f3n, alteraci\u00f3n, modificaci\u00f3n o manipulaci\u00f3n de los mensajes y comunicaciones de cualquier clase que dichos terceros pudiera realizar.<br \/>\nf) La exactitud, veracidad, actualidad y utilidad de los contenidos y servicios ofrecidos y la utilizaci\u00f3n posterior que de ellos haga el USUARIO. EL TITULAR emplear\u00e1 todos los esfuerzos y medios razonables para facilitar la informaci\u00f3n actualizada y fehaciente.<br \/>\ng) Los da\u00f1os producidos a equipos inform\u00e1ticos durante el acceso a la p\u00e1gina web y los da\u00f1os producidos a los USUARIOS cuando tengan su origen en fallos o desconexiones en las redes de telecomunicaciones que interrumpan el servicio.<br \/>\nh) Los da\u00f1os o perjuicios que se deriven de circunstancias acaecidas por caso fortuito o fuerza mayor.<br \/>\nEn caso de que existan foros, el uso de los mismos u otros espacios an\u00e1logos, ha de tenerse en cuenta que los mensajes reflejen \u00fanicamente la opini\u00f3n del USUARIO que los remite, que es el \u00fanico responsable. EL TITULAR no se hace responsable del contenido del los mensajes enviados por el USUARIO.<\/p>\n<p><strong>Modificaci\u00f3n de este aviso legal y duraci\u00f3n.<\/strong><\/p>\n<p>7. EL TITULAR se reserva el derecho de efectuar sin previo aviso las modificaciones que considere oportunas en su portal, pudiendo cambiar, suprimir o a\u00f1adir tantos contenidos y servicios que se presten a trav\u00e9s de la misma, como la forma en la que \u00e9stos aparezcan representados o localizados en su portal.<br \/>\nLa vigencia de las citadas condiciones ir\u00e1 en funci\u00f3n de su exposici\u00f3n y estar\u00e1n vigentes hasta que sean modificadas por otras debidamente publicadas.<\/p>\n<p><strong>Enlaces.<\/strong><\/p>\n<p>8. En el caso de que en https:\/\/estudiokonzept.com\/store se incluyesen enlaces o hiperv\u00ednculos hacia otros sitios de Internet, EL TITULAR no ejercer\u00e1 ning\u00fan tipo de control sobre dichos sitios y contenidos. En ning\u00fan caso EL TITULAR asumir\u00e1 responsabilidad alguna por los contenidos de alg\u00fan enlace perteneciente a un sitio web ajeno, ni garantizar\u00e1 la disponibilidad t\u00e9cnica, calidad, fiabilidad, exactitud, amplitud, veracidad, validez y constitucionalidad de cualquier materia o informaci\u00f3n contenida en ninguno de dichos hiperv\u00ednculos y otros sitios en Internet. Igualmente, la inclusi\u00f3n de estas conexiones externas no implicar\u00e1 ning\u00fan tipo de asociaci\u00f3n, fusi\u00f3n o participaci\u00f3n con las entidades conectadas.<\/p>\n<p><strong>Derechos de exclusi\u00f3n.<\/strong><\/p>\n<p>9. EL TITULAR se reserva el derecho a denegar o retirar el acceso a portal y\/o los servicios ofrecidos sin necesidad de advertencia previa, a instancia propia o de un tercero, a aquellos usuarios que incumplan el contenido de este aviso legal.<\/p>\n<p><strong>Generalidades.<\/strong><\/p>\n<p>10. EL TITULAR perseguir\u00e1 el incumplimiento de las presentes condiciones as\u00ed como cualquier utilizaci\u00f3n indebida de su portal ejerciendo todas las acciones civiles y penales que le puedan corresponder en derecho.<\/p>\n<p><strong>Legislaci\u00f3n aplicable y jurisdicci\u00f3n.<\/strong><\/p>\n<p>11. La relaci\u00f3n entre EL TITULAR y EL USUARIO se regir\u00e1 por la normativa espa\u00f1ola vigente. Todas las disputas y reclamaciones derivadas de este aviso legal se resolver\u00e1n por los juzgados y tribunales espa\u00f1oles.<\/p>\n<p><strong>Menores de edad.<\/strong><\/p>\n<p>12. https:\/\/estudiokonzept.com\/store dirige sus servicios a usuarios mayores de 18 a\u00f1os. Los menores de esta edad no est\u00e1n autorizados a utilizar nuestros servicios y no deber\u00e1n, por tanto, enviarnos sus datos personales. Informamos de que si se da tal circunstancia, EL TITULAR no se hace responsable de las posibles consecuencias que pudieran derivarse del incumplimiento del aviso que en esta misma cl\u00e1usula se establece.[\/vc_column_text][\/vc_column][\/vc_row]<\/p>\n<\/section>","protected":false},"excerpt":{"rendered":"<p>[vc_row][vc_column][vc_column_text]La privacidad de los datos es una cuesti\u00f3n de suma importancia para konzept Store. Queremos ser abiertos y transparentes respecto\u2026<\/p>\n","protected":false},"author":1,"featured_media":0,"parent":0,"menu_order":0,"comment_status":"closed","ping_status":"closed","template":"","meta":{"_monsterinsights_skip_tracking":false,"_monsterinsights_sitenote_active":false,"_monsterinsights_sitenote_note":"","_monsterinsights_sitenote_category":0,"footnotes":""},"acf":[],"aioseo_notices":[],"_links":{"self":[{"href":"https:\/\/estudiokonzept.com\/store\/wp-json\/wp\/v2\/pages\/3935"}],"collection":[{"href":"https:\/\/estudiokonzept.com\/store\/wp-json\/wp\/v2\/pages"}],"about":[{"href":"https:\/\/estudiokonzept.com\/store\/wp-json\/wp\/v2\/types\/page"}],"author":[{"embeddable":true,"href":"https:\/\/estudiokonzept.com\/store\/wp-json\/wp\/v2\/users\/1"}],"replies":[{"embeddable":true,"href":"https:\/\/estudiokonzept.com\/store\/wp-json\/wp\/v2\/comments?post=3935"}],"version-history":[{"count":4,"href":"https:\/\/estudiokonzept.com\/store\/wp-json\/wp\/v2\/pages\/3935\/revisions"}],"predecessor-version":[{"id":5629,"href":"https:\/\/estudiokonzept.com\/store\/wp-json\/wp\/v2\/pages\/3935\/revisions\/5629"}],"wp:attachment":[{"href":"https:\/\/estudiokonzept.com\/store\/wp-json\/wp\/v2\/media?parent=3935"}],"curies":[{"name":"wp","href":"https:\/\/api.w.org\/{rel}","templated":true}]}}