{"id":4015,"date":"2022-01-24T11:41:46","date_gmt":"2022-01-24T11:41:46","guid":{"rendered":"https:\/\/estudiokonzept.com\/store\/?page_id=4015"},"modified":"2022-10-04T19:00:14","modified_gmt":"2022-10-04T19:00:14","slug":"conjuntos-de-muebles-y-decoracion-shop-the-room","status":"publish","type":"page","link":"https:\/\/estudiokonzept.com\/store\/conjuntos-de-muebles-y-decoracion-shop-the-room\/","title":{"rendered":"Conjuntos de muebles y decoraci\u00f3n"},"content":{"rendered":"<section class=\"wpb-content-wrapper\"><p>[vc_row][vc_column][vc_column_text]\u00bfNo sabes c\u00f3mo combinar? Descubre todos los <strong>conjuntos de muebles y decoraci\u00f3n<\/strong> por estancias que hemos preparado al detalle. \u00a1Acertar\u00e1s s\u00ed o s\u00ed![\/vc_column_text][vc_custom_heading text=&#8221;Un despacho para trabajar a tu estilo.&#8221; font_container=&#8221;tag:h2|font_size:28px|text_align:left|line_height:32px&#8221; use_theme_fonts=&#8221;yes&#8221;][vc_empty_space][vc_row_inner][vc_column_inner width=&#8221;2\/3&#8243;][vc_single_image image=&#8221;8999&#8243; img_size=&#8221;1050&#215;700&#8243;][\/vc_column_inner][vc_column_inner width=&#8221;1\/3&#8243;]<div class=\"woocommerce columns-2 \"><\/div>[\/vc_column_inner][\/vc_row_inner][vc_row_inner][vc_column_inner width=&#8221;1\/6&#8243;][\/vc_column_inner][vc_column_inner width=&#8221;2\/3&#8243;][vc_custom_heading text=&#8221;Trabajar en casa sin renunciar al dise\u00f1o.&#8221; font_container=&#8221;tag:h2|font_size:26px|text_align:left|line_height:30px&#8221; use_theme_fonts=&#8221;yes&#8221;][vc_empty_space][vc_column_text]Los espacios de trabajo en casa se han convertido en este \u00faltimo tiempo en los protagonistas de nuestros hogares. En Konzept Store hemos seleccionado para ti una serie de piezas para convertir ese rinc\u00f3n o habitaci\u00f3n en un lugar funcional, c\u00f3modo y pr\u00e1ctico, todo ello sin renunciar al estilo y dise\u00f1o.<\/p>\n<p>Crea tu <strong>espacio de trabajo c\u00f3modo, funcional y con mucho estilo<\/strong> con nuestra selecci\u00f3n de piezas compuesta por la <strong>colecci\u00f3n Grau de escritorio y mueble de tv<\/strong> fabricados en madera de mango y hierro y con un car\u00e1cter muy industrial. El escritorio dispone de dos pr\u00e1cticos cajones y es perfecto para poder ubicarlo en el sal\u00f3n junto al mueble de tv de la misma colecci\u00f3n. Acomp\u00e1\u00f1alo de la <strong>silla de escritorio Baleia<\/strong>, tapizada en loneta y con acabado capiton\u00e9, es tan c\u00f3moda como elegante para cualquier rinc\u00f3n. No hay despacho sin espacio de almacenaje y para ello te proponemos la <strong>c\u00f3moda Sima con 25 cajones<\/strong> que adem\u00e1s de seguir apostando por el <strong>estilo industrial<\/strong>, es \u00a1demasiado pr\u00e1ctica!<\/p>\n<p>Descubre toda nuestra colecci\u00f3n de escritorios, l\u00e1mparas de mesa, estanter\u00edas y muebles de almacenaje en nuestra web.[\/vc_column_text][\/vc_column_inner][vc_column_inner width=&#8221;1\/6&#8243;][\/vc_column_inner][\/vc_row_inner][\/vc_column][\/vc_row][vc_row][vc_column][vc_empty_space height=&#8221;100px&#8221;][\/vc_column][\/vc_row][vc_row][vc_column][vc_custom_heading text=&#8221;Un dormitorio para so\u00f1ar.&#8221; font_container=&#8221;tag:h2|font_size:28px|text_align:left|line_height:32px&#8221; use_theme_fonts=&#8221;yes&#8221;][vc_empty_space][vc_row_inner][vc_column_inner width=&#8221;2\/3&#8243;][vc_single_image image=&#8221;9012&#8243; img_size=&#8221;1050&#215;700&#8243;][\/vc_column_inner][vc_column_inner width=&#8221;1\/3&#8243;]<div class=\"woocommerce columns-2 \"><\/div>[\/vc_column_inner][\/vc_row_inner][vc_row_inner][vc_column_inner width=&#8221;1\/6&#8243;][\/vc_column_inner][vc_column_inner width=&#8221;2\/3&#8243;][vc_custom_heading text=&#8221;Tu templo del descanso.&#8221; font_container=&#8221;tag:h2|font_size:26px|text_align:left|line_height:30px&#8221; use_theme_fonts=&#8221;yes&#8221;][vc_empty_space][vc_column_text]<strong>Tu lugar de descanso te pide dise\u00f1o y armon\u00eda<\/strong>. Nuestro espacio de desconexi\u00f3n y relajaci\u00f3n es el dormitorio y por ello te proponemos este conjunto de piezas que mezclan un <strong>estilo art-dec\u00f3 e industrial<\/strong> que no nos puede gustar m\u00e1s.<\/p>\n<p>Resaltar el cabecero con un <strong>panel decorativo<\/strong> para centrar el punto de atenci\u00f3n en la protagonista del espacio: la cama. Acompa\u00f1arla de una mesita de noche de <strong>madera<\/strong> que <strong>aporta calidez<\/strong>, un armario estilo vestidor, donde poder hacer nuestros<em> looks <\/em>y <strong>una gran bucata de rat\u00e1n<\/strong> que nos transporta a la naturaleza. Un conjunto armonioso y perfecto para disfrutar cada noche. \u00a1Atr\u00e9vete a mezclar estilos![\/vc_column_text][\/vc_column_inner][vc_column_inner width=&#8221;1\/6&#8243;][\/vc_column_inner][\/vc_row_inner][\/vc_column][\/vc_row][vc_row][vc_column][vc_empty_space height=&#8221;100px&#8221;][\/vc_column][\/vc_row][vc_row][vc_column][vc_custom_heading text=&#8221;Un comedor muy natural.&#8221; font_container=&#8221;tag:h2|font_size:28px|text_align:left|line_height:32px&#8221; use_theme_fonts=&#8221;yes&#8221;][vc_empty_space][vc_row_inner][vc_column_inner width=&#8221;2\/3&#8243;][vc_single_image image=&#8221;9010&#8243; img_size=&#8221;1050&#215;700&#8243;][\/vc_column_inner][vc_column_inner width=&#8221;1\/3&#8243;]<div class=\"woocommerce columns-2 \"><\/div>[\/vc_column_inner][\/vc_row_inner][vc_row_inner][vc_column_inner width=&#8221;1\/6&#8243;][\/vc_column_inner][vc_column_inner width=&#8221;2\/3&#8243;][vc_custom_heading text=&#8221;Org\u00e1nico y natural para comer y estar.&#8221; font_container=&#8221;tag:h2|font_size:26px|text_align:left|line_height:30px&#8221; use_theme_fonts=&#8221;yes&#8221;][vc_empty_space][vc_column_text]Cada vez son m\u00e1s los dise\u00f1os fabricados con <strong>materiales naturales<\/strong> y de forma <strong>sostenible y artesanal<\/strong>. Es una tendencia donde el <strong>contacto con la naturaleza<\/strong> traspasa los muros a los interiores de nuestras viviendas.<\/p>\n<p>Transformar tu comedor en un espacio que aporte naturalidad, calma y sostenibilidad es posible gracias a esta combinaci\u00f3n donde la madera es la protagonista. Un gran <strong>espejo tallado a mano<\/strong> en madera de mango como decoraci\u00f3n mural, almacenaje en un <strong>armario fabricado de forma artesanal<\/strong> y <strong>tejidos org\u00e1nicos de algod\u00f3n<\/strong> para los asientos. Una composici\u00f3n perfecta donde degustar tus mejores platos.[\/vc_column_text][\/vc_column_inner][vc_column_inner width=&#8221;1\/6&#8243;][\/vc_column_inner][\/vc_row_inner][\/vc_column][\/vc_row][vc_row][vc_column][vc_empty_space height=&#8221;100px&#8221;][\/vc_column][\/vc_row][vc_row][vc_column][vc_custom_heading text=&#8221;Un sal\u00f3n ic\u00f3nico.&#8221; font_container=&#8221;tag:h2|font_size:28px|text_align:left|line_height:32px&#8221; use_theme_fonts=&#8221;yes&#8221;][vc_empty_space][vc_row_inner][vc_column_inner width=&#8221;2\/3&#8243;][vc_single_image image=&#8221;9006&#8243; img_size=&#8221;1050&#215;700&#8243;][\/vc_column_inner][vc_column_inner width=&#8221;1\/3&#8243;]<div class=\"woocommerce columns-2 \"><\/div>[\/vc_column_inner][\/vc_row_inner][vc_row_inner][vc_column_inner width=&#8221;1\/6&#8243;][\/vc_column_inner][vc_column_inner width=&#8221;2\/3&#8243;][vc_custom_heading text=&#8221;El sof\u00e1 m\u00e1s emblem\u00e1tico.&#8221; font_container=&#8221;tag:h2|font_size:26px|text_align:left|line_height:30px&#8221; use_theme_fonts=&#8221;yes&#8221;][vc_empty_space][vc_column_text]Todos conocemos a este <strong>icono del dise\u00f1o capaz de deslumbrar cualquier espacio<\/strong>. El dise\u00f1o original del <strong>sof\u00e1 Chester<\/strong> naci\u00f3 en Inglaterra en el S XVIII con el encargo del vizconde Chesterfield a un prestigioso ebanista para que los caballeros de la alta sociedad pudieran sentarse sin arrugar sus atuendos. El resultado fue esta <strong>pieza tapizada en cuero con acabado capiton\u00e9<\/strong> que a d\u00eda de hoy sigue siendo una vanguardia.<\/p>\n<p>Lo m\u00e1s trascendente de este sof\u00e1 es lo vers\u00e1til que resulta y lo f\u00e1cil que es combinarlo con cualquier estilo: industrial, cl\u00e1sico, oriental, r\u00fastico&#8230;solo hay que elegir el resto de elementos que lo van a acompa\u00f1ar, siempre teniendo en cuenta que se tata de un mueble con mucho protagonismo y sus acompa\u00f1antes deben tener un dise\u00f1o ligero y\u00a0 neutro.<\/p>\n<p>A d\u00eda de hoy, podemos encontrar multitud de adaptaciones inspiradas en \u00e9l y tapizados en diferentes tejidos como terciopelo, algod\u00f3n o antelina, cuero sint\u00e9tico etc. no hay l\u00edmites para esta singular obra.<\/p>\n<p>En este espacio te proponemos un <strong>modelo de 3 plazas<\/strong>, en cuero natural combin\u00e1ndolo con una <strong>alfombra de estilo cl\u00e1sico<\/strong> con motivos florales y <strong>dos butacas de madera tapizadas en lino<\/strong>. Como decoraci\u00f3n mural un espectacular <strong>panel tallado de forma artesanal en madera tropical con motivos \u00e9tnicos<\/strong>. Como ves una combinaci\u00f3n ecl\u00e9ctica que encaja a la perfecci\u00f3n.<\/p>\n<p>[\/vc_column_text][\/vc_column_inner][vc_column_inner width=&#8221;1\/6&#8243;][\/vc_column_inner][\/vc_row_inner][\/vc_column][\/vc_row]<\/p>\n<\/section>","protected":false},"excerpt":{"rendered":"<p>[vc_row][vc_column][vc_column_text]\u00bfNo sabes c\u00f3mo combinar? Descubre todos los conjuntos de muebles y decoraci\u00f3n por estancias que hemos preparado al detalle. \u00a1Acertar\u00e1s\u2026<\/p>\n","protected":false},"author":1,"featured_media":0,"parent":0,"menu_order":0,"comment_status":"closed","ping_status":"closed","template":"","meta":{"_monsterinsights_skip_tracking":false,"_monsterinsights_sitenote_active":false,"_monsterinsights_sitenote_note":"","_monsterinsights_sitenote_category":0,"footnotes":""},"acf":[],"aioseo_notices":[],"_links":{"self":[{"href":"https:\/\/estudiokonzept.com\/store\/wp-json\/wp\/v2\/pages\/4015"}],"collection":[{"href":"https:\/\/estudiokonzept.com\/store\/wp-json\/wp\/v2\/pages"}],"about":[{"href":"https:\/\/estudiokonzept.com\/store\/wp-json\/wp\/v2\/types\/page"}],"author":[{"embeddable":true,"href":"https:\/\/estudiokonzept.com\/store\/wp-json\/wp\/v2\/users\/1"}],"replies":[{"embeddable":true,"href":"https:\/\/estudiokonzept.com\/store\/wp-json\/wp\/v2\/comments?post=4015"}],"version-history":[{"count":74,"href":"https:\/\/estudiokonzept.com\/store\/wp-json\/wp\/v2\/pages\/4015\/revisions"}],"predecessor-version":[{"id":9871,"href":"https:\/\/estudiokonzept.com\/store\/wp-json\/wp\/v2\/pages\/4015\/revisions\/9871"}],"wp:attachment":[{"href":"https:\/\/estudiokonzept.com\/store\/wp-json\/wp\/v2\/media?parent=4015"}],"curies":[{"name":"wp","href":"https:\/\/api.w.org\/{rel}","templated":true}]}}