{"id":4045,"date":"2022-01-24T13:34:02","date_gmt":"2022-01-24T13:34:02","guid":{"rendered":"https:\/\/estudiokonzept.com\/store\/?page_id=4045"},"modified":"2022-09-13T09:48:52","modified_gmt":"2022-09-13T09:48:52","slug":"plazos-de-entrega","status":"publish","type":"page","link":"https:\/\/estudiokonzept.com\/store\/plazos-de-entrega\/","title":{"rendered":"Plazos de entrega"},"content":{"rendered":"<section class=\"wpb-content-wrapper\"><p>[vc_row][vc_column][vc_column_text]Uno de nuestros objetivos es cuidar de nuestro planeta, por ello, para minimizar el impacto que tienen los transportes, intentamos agrupar el m\u00e1ximo n\u00famero de pedidos y as\u00ed reducir el consumo.<\/p>\n<p>Nuestros plazos de entrega aproximados son en Pen\u00ednsula: para productos en stock de 3 a 7 d\u00edas h\u00e1biles, de 20 a 25 d\u00edas h\u00e1biles si se trata de un pedido de fabricaci\u00f3n a medida (producto bajo pedido) y si es un art\u00edculo de importaci\u00f3n cons\u00faltanos para saber la fecha exacta.<\/p>\n<p>Para las entregas en Baleares el plazo es de 5 a 12 d\u00edas h\u00e1biles.<\/p>\n<p>Entregas urgentes: Si necesitas el pedido urgente o en una fecha concreta, ponte en contacto con nosotros y buscaremos la mejor opci\u00f3n para poder hacer la entrega m\u00e1s r\u00e1pida si fuera posible.<\/p>\n<p>Muchos de nuestros productos son de fabricaci\u00f3n artesanal, art\u00edculos \u00fanicos, antig\u00fcedades o piezas con gran valor, por ello trabajamos con empresas de log\u00edstica especializadas y las fechas de entregas para algunos productos pueden ser estimadas. Os notificaremos a trav\u00e9s de un email el seguimiento del pedido donde se ver\u00e1 reflejada la fecha y franja horaria de entrega del mismo.<\/p>\n<p>Hay que tener en cuenta que los plazos establecidos contabilizan desde que el pedido se formaliza en nuestra base de datos y el pago ha sido recibido.<\/p>\n<p>Trabajamos para que en un futuro cercano todas las entregas se puedan realizar con veh\u00edculos cero emisiones y seguir cuidado de nuestro gran peque\u00f1o planeta.[\/vc_column_text][\/vc_column][\/vc_row]<\/p>\n<\/section>","protected":false},"excerpt":{"rendered":"<p>[vc_row][vc_column][vc_column_text]Uno de nuestros objetivos es cuidar de nuestro planeta, por ello, para minimizar el impacto que tienen los transportes, intentamos\u2026<\/p>\n","protected":false},"author":1,"featured_media":0,"parent":0,"menu_order":0,"comment_status":"closed","ping_status":"closed","template":"","meta":{"_monsterinsights_skip_tracking":false,"_monsterinsights_sitenote_active":false,"_monsterinsights_sitenote_note":"","_monsterinsights_sitenote_category":0,"footnotes":""},"acf":[],"aioseo_notices":[],"_links":{"self":[{"href":"https:\/\/estudiokonzept.com\/store\/wp-json\/wp\/v2\/pages\/4045"}],"collection":[{"href":"https:\/\/estudiokonzept.com\/store\/wp-json\/wp\/v2\/pages"}],"about":[{"href":"https:\/\/estudiokonzept.com\/store\/wp-json\/wp\/v2\/types\/page"}],"author":[{"embeddable":true,"href":"https:\/\/estudiokonzept.com\/store\/wp-json\/wp\/v2\/users\/1"}],"replies":[{"embeddable":true,"href":"https:\/\/estudiokonzept.com\/store\/wp-json\/wp\/v2\/comments?post=4045"}],"version-history":[{"count":4,"href":"https:\/\/estudiokonzept.com\/store\/wp-json\/wp\/v2\/pages\/4045\/revisions"}],"predecessor-version":[{"id":9090,"href":"https:\/\/estudiokonzept.com\/store\/wp-json\/wp\/v2\/pages\/4045\/revisions\/9090"}],"wp:attachment":[{"href":"https:\/\/estudiokonzept.com\/store\/wp-json\/wp\/v2\/media?parent=4045"}],"curies":[{"name":"wp","href":"https:\/\/api.w.org\/{rel}","templated":true}]}}