{"id":4047,"date":"2022-01-24T13:34:38","date_gmt":"2022-01-24T13:34:38","guid":{"rendered":"https:\/\/estudiokonzept.com\/store\/?page_id=4047"},"modified":"2022-09-13T13:18:21","modified_gmt":"2022-09-13T13:18:21","slug":"formas-de-pago","status":"publish","type":"page","link":"https:\/\/estudiokonzept.com\/store\/formas-de-pago\/","title":{"rendered":"Formas de pago"},"content":{"rendered":"<section class=\"wpb-content-wrapper\"><p>[vc_row][vc_column][vc_column_text]En konzept Store tu eliges la forma de pago que m\u00e1s te guste:<\/p>\n<p><strong>Pago seguro con tarjeta de d\u00e9bito y de cr\u00e9dito.<br \/>\n<\/strong><\/p>\n<p>Puedes pagar con total seguridad con tu tarjeta bancaria. Tu informaci\u00f3n estar\u00e1 siempre protegida, no almacenamos informaci\u00f3n referente a tu tarjeta bancaria. Utilizamos las pasarelas de pago m\u00e1s seguras y establecidas en los principales comercios electr\u00f3nicos como <a href=\"http:\/\/www.redsys.es\/\" target=\"_blank\" rel=\"noopener\">Redsys<\/a>.<\/p>\n<p>&nbsp;<\/p>\n<p><strong>PayPal.<\/strong><\/p>\n<p>\u00b7 Elige la opci\u00f3n de PayPal en la pantalla FINALIZAR COMPRA<br \/>\n\u00b7 Paga f\u00e1cilmente ingresando tu email y contrase\u00f1a de tu cuenta PayPal.<br \/>\n\u00b7 Listo, tu pedido ya est\u00e1 pagado de forma f\u00e1cil y segura.<\/p>\n<p>&nbsp;<\/p>\n<p><strong>PayPal en 3.<\/strong><\/p>\n<p>Ahora puedes fraccionar el importe de tu pedido y pagar en 3 plazos sin intereses.<br \/>\nDisponible para compras de entre 30 \u20ac y 2.000 \u20ac.<\/p>\n<p>\u00b7 A\u00f1ade los art\u00edculos que quieras adquirir al carrito.<br \/>\n\u00b7 Selecciona PayPal en el proceso de pago para pagar m\u00e1s tarde con Paga en 3 plazos.<br \/>\n\u00b7 Completa la compra con el primer pago hoy.<br \/>\n\u00b7 Paga f\u00e1cilmente ingresando tu email y contrase\u00f1a de tu cuenta PayPal.<br \/>\n\u00b7 Los pagos restantes se hacen autom\u00e1ticamente. \u00a1Es f\u00e1cil!<\/p>\n<p>Consulta el <a href=\"https:\/\/www.paypal.com\/es\/webapps\/mpp\/ua\/pay-in-3-pcd-full?locale.x=es_ES\" target=\"_blank\" rel=\"noopener\">documento de informaci\u00f3n previa<\/a> y los <a href=\"https:\/\/www.paypal.com\/es\/webapps\/mpp\/ua\/pay-in-3-full?locale.x=es_ES\" target=\"_blank\" rel=\"noopener\">t\u00e9rminos y condiciones<\/a> de PayPal en 3.<\/p>\n<p>&nbsp;<\/p>\n<p><strong>Transferencia bancaria.<\/strong><\/p>\n<p>Si te va lo vintage puedes ordenar una transferencia bancaria a nuestra cuenta indicando en el concepto el n\u00ba de pedido que te asignaremos por email cuando hagas el pedido. Nota: Los pedidos no ser\u00e1n expedidos hasta que el importe de la transferencia quede reflejado en nuestra entidad bancaria. Los pedidos que no se abonen bajo este m\u00e9todo de pago durante los 7 siguientes d\u00edas a la realizaci\u00f3n del pedido ser\u00e1n cancelados autom\u00e1ticamente.[\/vc_column_text][\/vc_column][\/vc_row]<\/p>\n<\/section>","protected":false},"excerpt":{"rendered":"<p>[vc_row][vc_column][vc_column_text]En konzept Store tu eliges la forma de pago que m\u00e1s te guste: Pago seguro con tarjeta de d\u00e9bito y\u2026<\/p>\n","protected":false},"author":1,"featured_media":0,"parent":0,"menu_order":0,"comment_status":"closed","ping_status":"closed","template":"","meta":{"_monsterinsights_skip_tracking":false,"_monsterinsights_sitenote_active":false,"_monsterinsights_sitenote_note":"","_monsterinsights_sitenote_category":0,"footnotes":""},"acf":[],"aioseo_notices":[],"_links":{"self":[{"href":"https:\/\/estudiokonzept.com\/store\/wp-json\/wp\/v2\/pages\/4047"}],"collection":[{"href":"https:\/\/estudiokonzept.com\/store\/wp-json\/wp\/v2\/pages"}],"about":[{"href":"https:\/\/estudiokonzept.com\/store\/wp-json\/wp\/v2\/types\/page"}],"author":[{"embeddable":true,"href":"https:\/\/estudiokonzept.com\/store\/wp-json\/wp\/v2\/users\/1"}],"replies":[{"embeddable":true,"href":"https:\/\/estudiokonzept.com\/store\/wp-json\/wp\/v2\/comments?post=4047"}],"version-history":[{"count":13,"href":"https:\/\/estudiokonzept.com\/store\/wp-json\/wp\/v2\/pages\/4047\/revisions"}],"predecessor-version":[{"id":8332,"href":"https:\/\/estudiokonzept.com\/store\/wp-json\/wp\/v2\/pages\/4047\/revisions\/8332"}],"wp:attachment":[{"href":"https:\/\/estudiokonzept.com\/store\/wp-json\/wp\/v2\/media?parent=4047"}],"curies":[{"name":"wp","href":"https:\/\/api.w.org\/{rel}","templated":true}]}}