{"id":4053,"date":"2022-01-24T13:36:12","date_gmt":"2022-01-24T13:36:12","guid":{"rendered":"https:\/\/estudiokonzept.com\/store\/?page_id=4053"},"modified":"2022-09-10T18:35:28","modified_gmt":"2022-09-10T18:35:28","slug":"garantia","status":"publish","type":"page","link":"https:\/\/estudiokonzept.com\/store\/garantia\/","title":{"rendered":"Garant\u00eda"},"content":{"rendered":"<section class=\"wpb-content-wrapper\"><p>[vc_row][vc_column][vc_column_text]Todos nuestros productos tienen una garant\u00eda contra defecto de fabricaci\u00f3n, material o estado de tres a\u00f1os a partir de la fecha de entrega que figurar\u00e1 en su factura o ticket de compra. Por ello Konzept Store (KONZEPT ARQUITECTURA Y REFORMAS S.L.) se compromete a reparar, reemplazar o reembolsar el producto en dicho plazo salvo las exclusiones descritas.<\/p>\n<p>Muchos de nuestros productos, especialmente los que est\u00e1n fabricados con materiales naturales tales como rat\u00e1n, madera, mimbre etc. Pueden presentar caracter\u00edsticas propias de su composici\u00f3n que no ser\u00e1n consideradas como tara o defecto y quedar\u00e1n excluidas de dicha consideraci\u00f3n.<\/p>\n<p>Exclusiones a la garant\u00eda: Quedar\u00e1n excluidos los productos adquiridos que hayan sido manipulados, con mal uso, con un desgaste normal del paso del tiempo, accidente provocado, mal mantenimiento, uso indebido, cat\u00e1strofes naturales o cualquiera otra presunta acci\u00f3n que no sea la indicada, as\u00ed como no prevista ni especificada.<\/p>\n<p>Konzept Store (KONZEPT ARQUITECTURA Y REFORMAS S.L.) enviar\u00e1 un mensajero para la retirada del producto y una vez llegue a nuestras instalaciones, lo examinaremos para determinar si procede hacer un reembolso, reparaci\u00f3n o sustituci\u00f3n del mismo que en todos los casos, se realizar\u00e1 lo antes posible.<\/p>\n<p>Si no tuvi\u00e9ramos stock del art\u00edculo o estuviera descatalogado de la colecci\u00f3n y no pudi\u00e9ramos hacer el reemplazo, ofrecer\u00edamos alternativas.<\/p>\n<p>En el caso de haber adquirido nuestros productos para uso profesional, cons\u00faltenos la garant\u00eda espec\u00edfica en <a href=\"mailto:store@estudiokonzept.com\">store@estudiokonzept.com<\/a>[\/vc_column_text][\/vc_column][\/vc_row]<\/p>\n<\/section>","protected":false},"excerpt":{"rendered":"<p>[vc_row][vc_column][vc_column_text]Todos nuestros productos tienen una garant\u00eda contra defecto de fabricaci\u00f3n, material o estado de tres a\u00f1os a partir de la\u2026<\/p>\n","protected":false},"author":1,"featured_media":0,"parent":0,"menu_order":0,"comment_status":"closed","ping_status":"closed","template":"","meta":{"_monsterinsights_skip_tracking":false,"_monsterinsights_sitenote_active":false,"_monsterinsights_sitenote_note":"","_monsterinsights_sitenote_category":0,"footnotes":""},"acf":[],"aioseo_notices":[],"_links":{"self":[{"href":"https:\/\/estudiokonzept.com\/store\/wp-json\/wp\/v2\/pages\/4053"}],"collection":[{"href":"https:\/\/estudiokonzept.com\/store\/wp-json\/wp\/v2\/pages"}],"about":[{"href":"https:\/\/estudiokonzept.com\/store\/wp-json\/wp\/v2\/types\/page"}],"author":[{"embeddable":true,"href":"https:\/\/estudiokonzept.com\/store\/wp-json\/wp\/v2\/users\/1"}],"replies":[{"embeddable":true,"href":"https:\/\/estudiokonzept.com\/store\/wp-json\/wp\/v2\/comments?post=4053"}],"version-history":[{"count":3,"href":"https:\/\/estudiokonzept.com\/store\/wp-json\/wp\/v2\/pages\/4053\/revisions"}],"predecessor-version":[{"id":8285,"href":"https:\/\/estudiokonzept.com\/store\/wp-json\/wp\/v2\/pages\/4053\/revisions\/8285"}],"wp:attachment":[{"href":"https:\/\/estudiokonzept.com\/store\/wp-json\/wp\/v2\/media?parent=4053"}],"curies":[{"name":"wp","href":"https:\/\/api.w.org\/{rel}","templated":true}]}}