{"id":4069,"date":"2022-01-24T15:55:33","date_gmt":"2022-01-24T15:55:33","guid":{"rendered":"https:\/\/estudiokonzept.com\/store\/?page_id=4069"},"modified":"2022-09-10T18:20:10","modified_gmt":"2022-09-10T18:20:10","slug":"konzept-store-business","status":"publish","type":"page","link":"https:\/\/estudiokonzept.com\/store\/konzept-store-business\/","title":{"rendered":"konzept Store\u00ae Business"},"content":{"rendered":"<section class=\"wpb-content-wrapper\"><p>[vc_row full_width=&#8221;stretch_row_content&#8221; css=&#8221;.vc_custom_1652172315600{margin-top: -60px !important;background-image: url(https:\/\/estudiokonzept.com\/store\/wp-content\/uploads\/2022\/05\/konzept-store-business-atencion-personalizada.jpg?id=5680) !important;background-position: center !important;background-repeat: no-repeat !important;background-size: cover !important;}&#8221;][vc_column][vc_empty_space height=&#8221;300px&#8221;][\/vc_column][\/vc_row][vc_row][vc_column][vc_column_text]<strong>De profesional a profesional.<\/strong><\/p>\n<p>En konzept\u00ae Store hemos creado un departamento para cubrir las necesidades de los interioristas y decoradores, arquitectos y gerentes de locales de hosteler\u00eda. Bienvenido a los descuentos y condiciones especiales, bienvenido a konzept\u00ae Store Business.[\/vc_column_text][vc_empty_space height=&#8221;50px&#8221;][\/vc_column][\/vc_row][vc_row][vc_column width=&#8221;1\/4&#8243;][vc_raw_html]JTNDaW1nJTIwc3JjJTNEJTIyaHR0cHMlM0ElMkYlMkZlc3R1ZGlva29uemVwdC5jb20lMkZzdG9yZSUyRndwLWNvbnRlbnQlMkZ1cGxvYWRzJTJGMjAyMiUyRjAxJTJGcmViYWphcy1lbi1tdWVibGVzLXktZGVjb3JhY2lvbi5zdmclMjIlMjBhbHQlM0QlMjJEZXNjdWVudG9zJTIwcGFyYSUyMHByb2Zlc2lvbmFsZXMlMjIlMjBjbGFzcyUzRCUyMmNlbnRlcmljb24lMjIlMkYlM0UlM0NiciUzRSUwQSUzQ3AlMjBzdHlsZSUzRCUyMmZvbnQtc2l6ZSUzQSUyMDE1cHglM0IlMjB0ZXh0LWFsaWduJTNBJTIwY2VudGVyJTNCJTIyJTNFJTNDc3Ryb25nJTNFQ29uZGljaW9uZXMlMjBlc3BlY2lhbGVzJTNDYnIlM0UlMEFwYXJhJTIwcHJvZmVzaW9uYWxlcyUzQyUyRnN0cm9uZyUzRSUzQyUyRnAlM0U=[\/vc_raw_html][\/vc_column][vc_column width=&#8221;1\/4&#8243;][vc_raw_html]JTNDaW1nJTIwc3JjJTNEJTIyaHR0cHMlM0ElMkYlMkZlc3R1ZGlva29uemVwdC5jb20lMkZzdG9yZSUyRndwLWNvbnRlbnQlMkZ1cGxvYWRzJTJGMjAyMiUyRjA1JTJGYXRlbmNpb24tcGVyc29uYWxpemFkYS5zdmclMjIlMjBhbHQlM0QlMjJBdGVuY2klQzMlQjNuJTIwcGVyc29uYWxpemFkYSUyMiUyMGNsYXNzJTNEJTIyY2VudGVyaWNvbiUyMiUyRiUzRSUzQ2JyJTNFJTBBJTNDcCUyMHN0eWxlJTNEJTIyZm9udC1zaXplJTNBJTIwMTVweCUzQiUyMHRleHQtYWxpZ24lM0ElMjBjZW50ZXIlM0IlMjIlM0UlM0NzdHJvbmclM0VBdGVuY2klQzMlQjNuJTNDYnIlM0UlMEFwZXJzb25hbGl6YWRhJTNDJTJGc3Ryb25nJTNFJTNDJTJGcCUzRQ==[\/vc_raw_html][\/vc_column][vc_column width=&#8221;1\/4&#8243;][vc_raw_html]JTNDaW1nJTIwc3JjJTNEJTIyaHR0cHMlM0ElMkYlMkZlc3R1ZGlva29uemVwdC5jb20lMkZzdG9yZSUyRndwLWNvbnRlbnQlMkZ1cGxvYWRzJTJGMjAyMiUyRjAxJTJGcHJvZHVjdG9zLWRlLWRpc2Vuby5zdmclMjIlMjBhbHQlM0QlMjJQcm9kdWN0b3MlMjBkZSUyMGRpc2UlQzMlQjFvJTIyJTIwY2xhc3MlM0QlMjJjZW50ZXJpY29uJTIyJTJGJTNFJTNDYnIlM0UlMEElM0NwJTIwc3R5bGUlM0QlMjJmb250LXNpemUlM0ElMjAxNXB4JTNCJTIwdGV4dC1hbGlnbiUzQSUyMGNlbnRlciUzQiUyMiUzRSUzQ3N0cm9uZyUzRVByb2R1Y3RvcyUzQ2JyJTNFJTBBZGUlMjBkaXNlJUMzJUIxbyUzQyUyRnN0cm9uZyUzRSUzQyUyRnAlM0U=[\/vc_raw_html][\/vc_column][vc_column width=&#8221;1\/4&#8243;][vc_raw_html]JTNDaW1nJTIwc3JjJTNEJTIyaHR0cHMlM0ElMkYlMkZlc3R1ZGlva29uemVwdC5jb20lMkZzdG9yZSUyRndwLWNvbnRlbnQlMkZ1cGxvYWRzJTJGMjAyMiUyRjAxJTJGbXVlYmxlcy1kZS1jYWxpZGFkLnN2ZyUyMiUyMGFsdCUzRCUyMk11ZWJsZXMlMjBkZSUyMGNhbGlkYWQlMjIlMjBjbGFzcyUzRCUyMmNlbnRlcmljb24lMjIlMkYlM0UlM0NiciUzRSUwQSUzQ3AlMjBzdHlsZSUzRCUyMmZvbnQtc2l6ZSUzQSUyMDE1cHglM0IlMjB0ZXh0LWFsaWduJTNBJTIwY2VudGVyJTNCJTIyJTNFJTNDc3Ryb25nJTNFUHJvZHVjdG9zJTNDYnIlM0UlMEFkZSUyMGFsdGElMjBjYWxpZGFkJTNDJTJGc3Ryb25nJTNFJTNDJTJGcCUzRQ==[\/vc_raw_html][\/vc_column][vc_column][vc_empty_space height=&#8221;50px&#8221;][\/vc_column][\/vc_row][vc_row][vc_column width=&#8221;1\/6&#8243;][\/vc_column][vc_column width=&#8221;2\/3&#8243;][vc_empty_space][vc_column_text]<strong>Date de alta hoy mismo y empieza a disfrutar de las ventajas.<\/strong>[\/vc_column_text]\n<div class=\"wpcf7 no-js\" id=\"wpcf7-f5665-o1\" lang=\"es-ES\" dir=\"ltr\">\n<div class=\"screen-reader-response\"><p role=\"status\" aria-live=\"polite\" aria-atomic=\"true\"><\/p> <ul><\/ul><\/div>\n<form action=\"\/store\/wp-json\/wp\/v2\/pages\/4069#wpcf7-f5665-o1\" method=\"post\" class=\"wpcf7-form init\" aria-label=\"Formulario de contacto\" novalidate=\"novalidate\" data-status=\"init\">\n<div style=\"display: none;\">\n<input type=\"hidden\" name=\"_wpcf7\" value=\"5665\" \/>\n<input type=\"hidden\" name=\"_wpcf7_version\" value=\"5.8\" \/>\n<input type=\"hidden\" name=\"_wpcf7_locale\" value=\"es_ES\" \/>\n<input type=\"hidden\" name=\"_wpcf7_unit_tag\" value=\"wpcf7-f5665-o1\" \/>\n<input type=\"hidden\" name=\"_wpcf7_container_post\" value=\"0\" \/>\n<input type=\"hidden\" name=\"_wpcf7_posted_data_hash\" value=\"\" \/>\n<\/div>\n<p><label> Nombre y apellidos<br \/>\n<span class=\"wpcf7-form-control-wrap\" data-name=\"your-name\"><input size=\"40\" class=\"wpcf7-form-control wpcf7-text wpcf7-validates-as-required\" aria-required=\"true\" aria-invalid=\"false\" value=\"\" type=\"text\" name=\"your-name\" \/><\/span> <\/label>\n<\/p>\n<p><label> Email<br \/>\n<span class=\"wpcf7-form-control-wrap\" data-name=\"your-email\"><input size=\"40\" class=\"wpcf7-form-control wpcf7-email wpcf7-validates-as-required wpcf7-text wpcf7-validates-as-email\" aria-required=\"true\" aria-invalid=\"false\" value=\"\" type=\"email\" name=\"your-email\" \/><\/span> <\/label>\n<\/p>\n<p><label> \u00bfEres aut\u00f3nomo o empresa?<br \/>\n<span class=\"wpcf7-form-control-wrap\" data-name=\"menu-198\"><select class=\"wpcf7-form-control wpcf7-select wpcf7-validates-as-required\" aria-required=\"true\" aria-invalid=\"false\" name=\"menu-198\"><option value=\"\">&#8212;Por favor, elige una opci\u00f3n&#8212;<\/option><option value=\"Aut\u00f3nomo\">Aut\u00f3nomo<\/option><option value=\"Empresa\">Empresa<\/option><\/select><\/span> <\/label>\n<\/p>\n<p><label> Nombre comercial<br \/>\n<span class=\"wpcf7-form-control-wrap\" data-name=\"Nombreempresa\"><input size=\"40\" class=\"wpcf7-form-control wpcf7-text wpcf7-validates-as-required\" aria-required=\"true\" aria-invalid=\"false\" value=\"\" type=\"text\" name=\"Nombreempresa\" \/><\/span> <\/label>\n<\/p>\n<p><input class=\"wpcf7-form-control wpcf7-submit has-spinner\" type=\"submit\" value=\"Alta en konzept\u00ae Store Business\" \/>\n<\/p>\n<p><span class=\"wpcf7-form-control-wrap\" data-name=\"acceptance-819\"><span class=\"wpcf7-form-control wpcf7-acceptance\"><span class=\"wpcf7-list-item\"><label><input type=\"checkbox\" name=\"acceptance-819\" value=\"1\" aria-invalid=\"false\" \/><span class=\"wpcf7-list-item-label\">Si, acepto la pol\u00edtica de privacidad y protecci\u00f3n de datos.<\/span><\/label><\/span><\/span><\/span>\n<\/p><p style=\"display: none !important;\"><label>&#916;<textarea name=\"_wpcf7_ak_hp_textarea\" cols=\"45\" rows=\"8\" maxlength=\"100\"><\/textarea><\/label><input type=\"hidden\" id=\"ak_js_1\" name=\"_wpcf7_ak_js\" value=\"199\"\/><script>document.getElementById( \"ak_js_1\" ).setAttribute( \"value\", ( new Date() ).getTime() );<\/script><\/p><div class=\"wpcf7-response-output\" aria-hidden=\"true\"><\/div>\n<\/form>\n<\/div>\n[vc_row_inner][vc_column_inner width=&#8221;1\/2&#8243;][vc_empty_space][vc_column_text]<\/p>\n<p style=\"font-size: 10px; text-align: left;\"><b>Responsable:<\/b> KONZEPT ARQUITECTURA Y REFORMAS S.L.<br \/>\n<b>Finalidades:\u00a0<\/b>Gestionar su petici\u00f3n de contacto, atendiendo a sus consultas y solicitudes; para ello, nos pondremos en contacto con usted por v\u00eda telef\u00f3nica (incluso sms, whatsapp) y\/o email.<br \/>\n<b>Destinatarios:\u00a0<\/b>Sus datos no ser\u00e1n cedidos a terceros, salvo para el cumplimiento de obligaciones legales. No obstante, indicarle que sus datos podr\u00e1n ser almacenados en EE.UU, lo que supone una transferencia internacional de datos, autorizada por el Director de la Agencia Espa\u00f1ola de Protecci\u00f3n de Datos.<\/p>\n<p>[\/vc_column_text][\/vc_column_inner][vc_column_inner width=&#8221;1\/2&#8243;][vc_empty_space][vc_column_text]<\/p>\n<p style=\"font-size: 10px; text-align: left;\"><b>Legitimaci\u00f3n:\u00a0<\/b>Consentimiento del interesado.<br \/>\n<b>Derechos:<\/b> Usted puede oponerse al tratamiento, limitar el mismo, acceder, rectificar, suprimir los datos y ejercer su derecho a portabilidad, mediante solicitud escrita dirigida a KONZEPT STORE, dirigida al Departamento Atenci\u00f3n al Cliente, C\/ Albasanz, 72 Loft 212 28037 Madrid, o enviando un mail a store@estudiokonzept.com.<br \/>\nPuede consultar la informaci\u00f3n adicional y detallada sobre Protecci\u00f3n de Datos en el siguiente enlace: https:\/\/estudiokonzept.com\/store\/politica-privacidad\/<\/p>\n<p>[\/vc_column_text][\/vc_column_inner][\/vc_row_inner][\/vc_column][vc_column width=&#8221;1\/6&#8243;][\/vc_column][\/vc_row]<\/p>\n<\/section>","protected":false},"excerpt":{"rendered":"<p>[vc_row full_width=&#8221;stretch_row_content&#8221; css=&#8221;.vc_custom_1652172315600{margin-top: -60px !important;background-image: url(https:\/\/estudiokonzept.com\/store\/wp-content\/uploads\/2022\/05\/konzept-store-business-atencion-personalizada.jpg?id=5680) !important;background-position: center !important;background-repeat: no-repeat !important;background-size: cover !important;}&#8221;][vc_column][vc_empty_space height=&#8221;300px&#8221;][\/vc_column][\/vc_row][vc_row][vc_column][vc_column_text]De profesional a profesional. En konzept\u00ae Store\u2026<\/p>\n","protected":false},"author":1,"featured_media":0,"parent":0,"menu_order":0,"comment_status":"closed","ping_status":"closed","template":"","meta":{"_monsterinsights_skip_tracking":false,"_monsterinsights_sitenote_active":false,"_monsterinsights_sitenote_note":"","_monsterinsights_sitenote_category":0,"footnotes":""},"acf":[],"aioseo_notices":[],"_links":{"self":[{"href":"https:\/\/estudiokonzept.com\/store\/wp-json\/wp\/v2\/pages\/4069"}],"collection":[{"href":"https:\/\/estudiokonzept.com\/store\/wp-json\/wp\/v2\/pages"}],"about":[{"href":"https:\/\/estudiokonzept.com\/store\/wp-json\/wp\/v2\/types\/page"}],"author":[{"embeddable":true,"href":"https:\/\/estudiokonzept.com\/store\/wp-json\/wp\/v2\/users\/1"}],"replies":[{"embeddable":true,"href":"https:\/\/estudiokonzept.com\/store\/wp-json\/wp\/v2\/comments?post=4069"}],"version-history":[{"count":22,"href":"https:\/\/estudiokonzept.com\/store\/wp-json\/wp\/v2\/pages\/4069\/revisions"}],"predecessor-version":[{"id":9059,"href":"https:\/\/estudiokonzept.com\/store\/wp-json\/wp\/v2\/pages\/4069\/revisions\/9059"}],"wp:attachment":[{"href":"https:\/\/estudiokonzept.com\/store\/wp-json\/wp\/v2\/media?parent=4069"}],"curies":[{"name":"wp","href":"https:\/\/api.w.org\/{rel}","templated":true}]}}