{"id":4076,"date":"2022-01-25T09:14:22","date_gmt":"2022-01-25T09:14:22","guid":{"rendered":"https:\/\/estudiokonzept.com\/store\/?page_id=4076"},"modified":"2022-10-04T18:57:07","modified_gmt":"2022-10-04T18:57:07","slug":"comprar-muebles-y-decoracion-por-estancias","status":"publish","type":"page","link":"https:\/\/estudiokonzept.com\/store\/comprar-muebles-y-decoracion-por-estancias\/","title":{"rendered":"Estancias"},"content":{"rendered":"<section class=\"wpb-content-wrapper\"><p>[vc_row][vc_column width=&#8221;1\/6&#8243;][\/vc_column][vc_column width=&#8221;2\/3&#8243;][vc_column_text]Encuentra la inspiraci\u00f3n para tus estancias y descubre todos los productos\u00a0 que en konzept Store\u00ae hemos seleccionado en estos espacios para hacer tu compra m\u00e1s c\u00f3moda. Completa f\u00e1cilmente la decoraci\u00f3n de tu estancia.[\/vc_column_text][vc_empty_space height=&#8221;50px&#8221;][\/vc_column][vc_column width=&#8221;1\/6&#8243;][\/vc_column][\/vc_row][vc_row full_width=&#8221;stretch_row&#8221; gap=&#8221;20&#8243; equal_height=&#8221;yes&#8221;][vc_column width=&#8221;1\/4&#8243; css=&#8221;.vc_custom_1662647593507{background-image: url(https:\/\/estudiokonzept.com\/store\/wp-content\/uploads\/2022\/09\/comprar-muebles-y-decoracion-para-bano-estancias-konzept-store.jpg?id=9111) !important;background-position: center !important;background-repeat: no-repeat !important;background-size: cover !important;}&#8221;][vc_empty_space height=&#8221;150px&#8221;][vc_custom_heading text=&#8221;Ba\u00f1o&#8221; font_container=&#8221;tag:h2|text_align:center|color:%23ffffff&#8221; google_fonts=&#8221;font_family:Montserrat%3Aregular%2C700|font_style:700%20bold%20regular%3A700%3Anormal&#8221;][vc_empty_space height=&#8221;120px&#8221;]<div class=\"barberry-button-container b-button_center b-button-291326699\"><a href=\"https:\/\/estudiokonzept.com\/store\/muebles-y-decoracion-bano\/\" class=\"shortcode_tdl barberry_custom_link\" target=\"\" rel=\"\" title=\"Muebles y decoraci\u00f3n para ba\u00f1o\" style=\"color:#ffffff;border-color:#ffffff\">Muebles y decoraci\u00f3n para ba\u00f1o<\/a><\/div>\n    \n    [vc_empty_space height=&#8221;30px&#8221;][\/vc_column][vc_column width=&#8221;1\/4&#8243; css=&#8221;.vc_custom_1662647665005{background-image: url(https:\/\/estudiokonzept.com\/store\/wp-content\/uploads\/2022\/09\/comprar-muebles-y-decoracion-para-cocina-estancias-konzept-store.jpg?id=9113) !important;background-position: center !important;background-repeat: no-repeat !important;background-size: cover !important;}&#8221;][vc_empty_space height=&#8221;150px&#8221;][vc_custom_heading text=&#8221;Cocina&#8221; font_container=&#8221;tag:h2|text_align:center|color:%23ffffff&#8221; google_fonts=&#8221;font_family:Montserrat%3Aregular%2C700|font_style:700%20bold%20regular%3A700%3Anormal&#8221;][vc_empty_space height=&#8221;120px&#8221;]<div class=\"barberry-button-container b-button_center b-button-583985705\"><a href=\"https:\/\/estudiokonzept.com\/store\/muebles-y-decoracion-cocina\/\" class=\"shortcode_tdl barberry_custom_link\" target=\"\" rel=\"\" title=\"Muebles y decoraci\u00f3n para cocina\" style=\"color:#ffffff;border-color:#ffffff\">Muebles y decoraci\u00f3n para cocina<\/a><\/div>\n    \n    [vc_empty_space height=&#8221;30px&#8221;][\/vc_column][vc_column width=&#8221;1\/4&#8243; css=&#8221;.vc_custom_1662647728308{background-image: url(https:\/\/estudiokonzept.com\/store\/wp-content\/uploads\/2022\/09\/comprar-muebles-y-decoracion-para-comedor-estancias-konzept-store.jpg?id=9114) !important;background-position: center !important;background-repeat: no-repeat !important;background-size: cover !important;}&#8221;][vc_empty_space height=&#8221;150px&#8221;][vc_custom_heading text=&#8221;Comedor&#8221; font_container=&#8221;tag:h2|text_align:center|color:%23ffffff&#8221; google_fonts=&#8221;font_family:Montserrat%3Aregular%2C700|font_style:700%20bold%20regular%3A700%3Anormal&#8221;][vc_empty_space height=&#8221;120px&#8221;]<div class=\"barberry-button-container b-button_center b-button-1750394766\"><a href=\"https:\/\/estudiokonzept.com\/store\/muebles-y-decoracion-comedor\/\" class=\"shortcode_tdl barberry_custom_link\" target=\"\" rel=\"\" title=\"Muebles y decoraci\u00f3n para comedor\" style=\"color:#ffffff;border-color:#ffffff\">Muebles y decoraci\u00f3n para comedor<\/a><\/div>\n    \n    [vc_empty_space height=&#8221;30px&#8221;][\/vc_column][vc_column width=&#8221;1\/4&#8243; css=&#8221;.vc_custom_1662647764774{background-image: url(https:\/\/estudiokonzept.com\/store\/wp-content\/uploads\/2022\/09\/comprar-muebles-y-decoracion-para-despacho-estancias-konzept-store.jpg?id=9115) !important;background-position: center !important;background-repeat: no-repeat !important;background-size: cover !important;}&#8221;][vc_empty_space height=&#8221;150px&#8221;][vc_custom_heading text=&#8221;Despacho&#8221; font_container=&#8221;tag:h2|text_align:center|color:%23ffffff&#8221; google_fonts=&#8221;font_family:Montserrat%3Aregular%2C700|font_style:700%20bold%20regular%3A700%3Anormal&#8221;][vc_empty_space height=&#8221;120px&#8221;]<div class=\"barberry-button-container b-button_center b-button-1398533357\"><a href=\"https:\/\/estudiokonzept.com\/store\/muebles-y-decoracion-despacho\/\" class=\"shortcode_tdl barberry_custom_link\" target=\"\" rel=\"\" title=\"Muebles y decoraci\u00f3n para despacho\" style=\"color:#ffffff;border-color:#ffffff\">Muebles y decoraci\u00f3n para despacho<\/a><\/div>\n    \n    [vc_empty_space height=&#8221;30px&#8221;][\/vc_column][\/vc_row][vc_row full_width=&#8221;stretch_row&#8221; gap=&#8221;20&#8243; equal_height=&#8221;yes&#8221;][vc_column width=&#8221;1\/4&#8243; css=&#8221;.vc_custom_1662647847236{background-image: url(https:\/\/estudiokonzept.com\/store\/wp-content\/uploads\/2022\/09\/comprar-muebles-y-decoracion-para-dormitorio-estancias-konzept-store.jpg?id=9116) !important;background-position: center !important;background-repeat: no-repeat !important;background-size: cover !important;}&#8221;][vc_empty_space height=&#8221;150px&#8221;][vc_custom_heading text=&#8221;Dormitorio&#8221; font_container=&#8221;tag:h2|text_align:center|color:%23ffffff&#8221; google_fonts=&#8221;font_family:Montserrat%3Aregular%2C700|font_style:700%20bold%20regular%3A700%3Anormal&#8221;][vc_empty_space height=&#8221;120px&#8221;]<div class=\"barberry-button-container b-button_center b-button-631326922\"><a href=\"https:\/\/estudiokonzept.com\/store\/muebles-y-decoracion-dormitorio\/\" class=\"shortcode_tdl barberry_custom_link\" target=\"\" rel=\"\" title=\"Muebles y decoraci\u00f3n para dormitorio\" style=\"color:#ffffff;border-color:#ffffff\">Muebles y decoraci\u00f3n para dormitorio<\/a><\/div>\n    \n    [vc_empty_space height=&#8221;30px&#8221;][\/vc_column][vc_column width=&#8221;1\/4&#8243; css=&#8221;.vc_custom_1662647889838{background-image: url(https:\/\/estudiokonzept.com\/store\/wp-content\/uploads\/2022\/09\/comprar-muebles-y-decoracion-para-recibidor-estancias-konzept-store.jpg?id=9117) !important;background-position: center !important;background-repeat: no-repeat !important;background-size: cover !important;}&#8221;][vc_empty_space height=&#8221;150px&#8221;][vc_custom_heading text=&#8221;Recibidor&#8221; font_container=&#8221;tag:h2|text_align:center|color:%23ffffff&#8221; google_fonts=&#8221;font_family:Montserrat%3Aregular%2C700|font_style:700%20bold%20regular%3A700%3Anormal&#8221;][vc_empty_space height=&#8221;120px&#8221;]<div class=\"barberry-button-container b-button_center b-button-865423928\"><a href=\"https:\/\/estudiokonzept.com\/store\/muebles-y-decoracion-recibidor-casa\/\" class=\"shortcode_tdl barberry_custom_link\" target=\"\" rel=\"\" title=\"Muebles y decoraci\u00f3n para recibidor\" style=\"color:#ffffff;border-color:#ffffff\">Muebles y decoraci\u00f3n para recibidor<\/a><\/div>\n    \n    [vc_empty_space height=&#8221;30px&#8221;][\/vc_column][vc_column width=&#8221;1\/4&#8243; css=&#8221;.vc_custom_1662647919045{background-image: url(https:\/\/estudiokonzept.com\/store\/wp-content\/uploads\/2022\/09\/comprar-muebles-y-decoracion-para-salon-estancias-konzept-store.jpg?id=9118) !important;background-position: center !important;background-repeat: no-repeat !important;background-size: cover !important;}&#8221;][vc_empty_space height=&#8221;150px&#8221;][vc_custom_heading text=&#8221;Sal\u00f3n&#8221; font_container=&#8221;tag:h2|text_align:center|color:%23ffffff&#8221; google_fonts=&#8221;font_family:Montserrat%3Aregular%2C700|font_style:700%20bold%20regular%3A700%3Anormal&#8221;][vc_empty_space height=&#8221;120px&#8221;]<div class=\"barberry-button-container b-button_center b-button-98521533\"><a href=\"https:\/\/estudiokonzept.com\/store\/muebles-y-decoracion-salon\/\" class=\"shortcode_tdl barberry_custom_link\" target=\"\" rel=\"\" title=\"Muebles y decoraci\u00f3n para sal\u00f3n\" style=\"color:#ffffff;border-color:#ffffff\">Muebles y decoraci\u00f3n para sal\u00f3n<\/a><\/div>\n    \n    [vc_empty_space height=&#8221;30px&#8221;][\/vc_column][vc_column width=&#8221;1\/4&#8243; css=&#8221;.vc_custom_1662647965077{background-image: url(https:\/\/estudiokonzept.com\/store\/wp-content\/uploads\/2022\/09\/comprar-muebles-y-decoracion-para-terraza-y-jardin-estancias-konzept-store.jpg?id=9119) !important;background-position: center !important;background-repeat: no-repeat !important;background-size: cover !important;}&#8221;][vc_empty_space height=&#8221;150px&#8221;][vc_custom_heading text=&#8221;Terraza y jard\u00edn&#8221; font_container=&#8221;tag:h2|text_align:center|color:%23ffffff&#8221; google_fonts=&#8221;font_family:Montserrat%3Aregular%2C700|font_style:700%20bold%20regular%3A700%3Anormal&#8221;][vc_empty_space height=&#8221;120px&#8221;]<div class=\"barberry-button-container b-button_center b-button-1866121739\"><a href=\"https:\/\/estudiokonzept.com\/store\/muebles-y-decoracion-terraza-y-jardin\/\" class=\"shortcode_tdl barberry_custom_link\" target=\"\" rel=\"\" title=\"Muebles y decoraci\u00f3n para terraza y jard\u00edn\" style=\"color:#ffffff;border-color:#ffffff\">Muebles y decoraci\u00f3n para terraza y jard\u00edn<\/a><\/div>\n    \n    [vc_empty_space height=&#8221;30px&#8221;][\/vc_column][\/vc_row]<\/p>\n<\/section>","protected":false},"excerpt":{"rendered":"<p>[vc_row][vc_column width=&#8221;1\/6&#8243;][\/vc_column][vc_column width=&#8221;2\/3&#8243;][vc_column_text]Encuentra la inspiraci\u00f3n para tus estancias y descubre todos los productos\u00a0 que en konzept Store\u00ae hemos seleccionado en\u2026<\/p>\n","protected":false},"author":1,"featured_media":0,"parent":0,"menu_order":0,"comment_status":"closed","ping_status":"closed","template":"","meta":{"_monsterinsights_skip_tracking":false,"_monsterinsights_sitenote_active":false,"_monsterinsights_sitenote_note":"","_monsterinsights_sitenote_category":0,"footnotes":""},"acf":[],"aioseo_notices":[],"_links":{"self":[{"href":"https:\/\/estudiokonzept.com\/store\/wp-json\/wp\/v2\/pages\/4076"}],"collection":[{"href":"https:\/\/estudiokonzept.com\/store\/wp-json\/wp\/v2\/pages"}],"about":[{"href":"https:\/\/estudiokonzept.com\/store\/wp-json\/wp\/v2\/types\/page"}],"author":[{"embeddable":true,"href":"https:\/\/estudiokonzept.com\/store\/wp-json\/wp\/v2\/users\/1"}],"replies":[{"embeddable":true,"href":"https:\/\/estudiokonzept.com\/store\/wp-json\/wp\/v2\/comments?post=4076"}],"version-history":[{"count":63,"href":"https:\/\/estudiokonzept.com\/store\/wp-json\/wp\/v2\/pages\/4076\/revisions"}],"predecessor-version":[{"id":9868,"href":"https:\/\/estudiokonzept.com\/store\/wp-json\/wp\/v2\/pages\/4076\/revisions\/9868"}],"wp:attachment":[{"href":"https:\/\/estudiokonzept.com\/store\/wp-json\/wp\/v2\/media?parent=4076"}],"curies":[{"name":"wp","href":"https:\/\/api.w.org\/{rel}","templated":true}]}}