{"id":4340,"date":"2022-01-28T11:23:46","date_gmt":"2022-01-28T11:23:46","guid":{"rendered":"https:\/\/estudiokonzept.com\/store\/?page_id=4340"},"modified":"2022-09-13T10:07:55","modified_gmt":"2022-09-13T10:07:55","slug":"sostenibilidad","status":"publish","type":"page","link":"https:\/\/estudiokonzept.com\/store\/sostenibilidad\/","title":{"rendered":"Sostenibilidad"},"content":{"rendered":"<section class=\"wpb-content-wrapper\"><p>[vc_row full_width=&#8221;stretch_row_content_no_spaces&#8221; css=&#8221;.vc_custom_1652111152124{margin-top: -60px !important;background-image: url(https:\/\/estudiokonzept.com\/store\/wp-content\/uploads\/2022\/05\/konzept-store-cuidamos-de-nuestro-planeta.jpg?id=5644) !important;background-position: center !important;background-repeat: no-repeat !important;background-size: cover !important;}&#8221;][vc_column width=&#8221;1\/4&#8243;][\/vc_column][vc_column width=&#8221;1\/2&#8243;][vc_empty_space height=&#8221;100px&#8221;][vc_raw_html]JTNDaW1nJTIwc3JjJTNEJTIyaHR0cHMlM0ElMkYlMkZlc3R1ZGlva29uemVwdC5jb20lMkZzdG9yZSUyRndwLWNvbnRlbnQlMkZ1cGxvYWRzJTJGMjAyMiUyRjA1JTJGc29zdGVuaWJpbGlkYWQteS1jb21wcm9taXNvLWtvbnplcHQtc3RvcmUuc3ZnJTIyJTIwYWx0JTNEJTIyU29zdGVuaWJpbGlkYWQlMjBrb256ZXB0JTIwc3RvcmUlMjIlMjBjbGFzcyUzRCUyMmNlbnRlcmljb24lMjIlMkYlM0U=[\/vc_raw_html][vc_empty_space height=&#8221;100px&#8221;][\/vc_column][vc_column width=&#8221;1\/4&#8243;][\/vc_column][\/vc_row][vc_row][vc_column][vc_column_text]<strong>Comprometidos con el medio ambiente, comprometidos con hacer lo correcto.<\/strong><\/p>\n<p>En konzept Store al igual que t\u00fa, estamos muy concienciados y nos comprometemos con el presente y futuro de nuestro planeta ofreciendo productos de alta calidad de manera m\u00e1s sostenible y \u00e9tica, siendo este apartado uno de nuestros principales valores que defendemos y nos definen desde el inicio.<\/p>\n<ul>\n<li>Utilizamos fibras naturales, recicladas y recuperadas para la mayor\u00eda de los materiales que empleamos en la fabricaci\u00f3n de nuestros productos.<\/li>\n<li>El 95 % de los productos devueltos se reciclan o le damos una segunda vida en nuestro outlet apostando por la econom\u00eda circular.<\/li>\n<li>Trabajamos para que nuestro embalaje sea 100 % reciclable.<\/li>\n<li>La madera utilizada para nuestros productos proviene de bosques bien gestionados de manera responsable para reducir nuestro impacto ambiental en los animales.<\/li>\n<li>La mayor\u00eda de nuestros productos se fabrican aqu\u00ed en Espa\u00f1a para reducir nuestra huella de carbono.<\/li>\n<li>Colaboramos activamente con diferentes organizaciones e iniciativas para recuperar la flora y fauna de nuestros bosques, mares y oc\u00e9anos.<\/li>\n<li>Seleccionamos proveedores que comparten nuestros valores.<\/li>\n<\/ul>\n<p>Como parte de nuestro compromiso de proteger nuestro planeta, nos comprometemos a ser neutrales en carbono para 2028. \u00bfC\u00f3mo vamos a hacer esto?\u00a0Como parte de nuestros planes para 2022, nos centraremos en gran medida en nuestra compensaci\u00f3n de carbono y buscaremos formas en las que podamos reducir nuestra huella de carbono en nuestros productos, materiales y procesos.[\/vc_column_text][\/vc_column][\/vc_row]<\/p>\n<\/section>","protected":false},"excerpt":{"rendered":"<p>[vc_row full_width=&#8221;stretch_row_content_no_spaces&#8221; css=&#8221;.vc_custom_1652111152124{margin-top: -60px !important;background-image: url(https:\/\/estudiokonzept.com\/store\/wp-content\/uploads\/2022\/05\/konzept-store-cuidamos-de-nuestro-planeta.jpg?id=5644) !important;background-position: center !important;background-repeat: no-repeat !important;background-size: cover !important;}&#8221;][vc_column width=&#8221;1\/4&#8243;][\/vc_column][vc_column width=&#8221;1\/2&#8243;][vc_empty_space height=&#8221;100px&#8221;][vc_raw_html]JTNDaW1nJTIwc3JjJTNEJTIyaHR0cHMlM0ElMkYlMkZlc3R1ZGlva29uemVwdC5jb20lMkZzdG9yZSUyRndwLWNvbnRlbnQlMkZ1cGxvYWRzJTJGMjAyMiUyRjA1JTJGc29zdGVuaWJpbGlkYWQteS1jb21wcm9taXNvLWtvbnplcHQtc3RvcmUuc3ZnJTIyJTIwYWx0JTNEJTIyU29zdGVuaWJpbGlkYWQlMjBrb256ZXB0JTIwc3RvcmUlMjIlMjBjbGFzcyUzRCUyMmNlbnRlcmljb24lMjIlMkYlM0U=[\/vc_raw_html][vc_empty_space height=&#8221;100px&#8221;][\/vc_column][vc_column width=&#8221;1\/4&#8243;][\/vc_column][\/vc_row][vc_row][vc_column][vc_column_text]Comprometidos con el\u2026<\/p>\n","protected":false},"author":1,"featured_media":0,"parent":0,"menu_order":0,"comment_status":"closed","ping_status":"closed","template":"","meta":{"_monsterinsights_skip_tracking":false,"_monsterinsights_sitenote_active":false,"_monsterinsights_sitenote_note":"","_monsterinsights_sitenote_category":0,"footnotes":""},"acf":[],"aioseo_notices":[],"_links":{"self":[{"href":"https:\/\/estudiokonzept.com\/store\/wp-json\/wp\/v2\/pages\/4340"}],"collection":[{"href":"https:\/\/estudiokonzept.com\/store\/wp-json\/wp\/v2\/pages"}],"about":[{"href":"https:\/\/estudiokonzept.com\/store\/wp-json\/wp\/v2\/types\/page"}],"author":[{"embeddable":true,"href":"https:\/\/estudiokonzept.com\/store\/wp-json\/wp\/v2\/users\/1"}],"replies":[{"embeddable":true,"href":"https:\/\/estudiokonzept.com\/store\/wp-json\/wp\/v2\/comments?post=4340"}],"version-history":[{"count":23,"href":"https:\/\/estudiokonzept.com\/store\/wp-json\/wp\/v2\/pages\/4340\/revisions"}],"predecessor-version":[{"id":5677,"href":"https:\/\/estudiokonzept.com\/store\/wp-json\/wp\/v2\/pages\/4340\/revisions\/5677"}],"wp:attachment":[{"href":"https:\/\/estudiokonzept.com\/store\/wp-json\/wp\/v2\/media?parent=4340"}],"curies":[{"name":"wp","href":"https:\/\/api.w.org\/{rel}","templated":true}]}}