{"id":8885,"date":"2022-08-31T11:43:38","date_gmt":"2022-08-31T11:43:38","guid":{"rendered":"https:\/\/estudiokonzept.com\/store\/?page_id=8885"},"modified":"2022-10-04T18:59:31","modified_gmt":"2022-10-04T18:59:31","slug":"muebles-de-diseno-selected","status":"publish","type":"page","link":"https:\/\/estudiokonzept.com\/store\/muebles-de-diseno-selected\/","title":{"rendered":"Muebles de dise\u00f1o y decoraci\u00f3n"},"content":{"rendered":"<section class=\"wpb-content-wrapper\"><p>[vc_row][vc_column][vc_column_text]Hemos preparado esta <strong>selecci\u00f3n exclusiva de muebles de dise\u00f1o y decoraci\u00f3n<\/strong> para los amantes del dise\u00f1o y lo <strong>ic\u00f3nico<\/strong> o que buscan ese toque de revista para su hogar. Bienvenid@ a konzept Store\u00ae Selected.[\/vc_column_text][vc_empty_space]<div class=\"woocommerce columns-4 \"><\/div>[\/vc_column][\/vc_row]<\/p>\n<\/section>","protected":false},"excerpt":{"rendered":"<p>[vc_row][vc_column][vc_column_text]Hemos preparado esta selecci\u00f3n exclusiva de muebles de dise\u00f1o y decoraci\u00f3n para los amantes del dise\u00f1o y lo ic\u00f3nico o\u2026<\/p>\n","protected":false},"author":1,"featured_media":0,"parent":0,"menu_order":0,"comment_status":"closed","ping_status":"closed","template":"","meta":{"_monsterinsights_skip_tracking":false,"_monsterinsights_sitenote_active":false,"_monsterinsights_sitenote_note":"","_monsterinsights_sitenote_category":0,"footnotes":""},"acf":[],"aioseo_notices":[],"_links":{"self":[{"href":"https:\/\/estudiokonzept.com\/store\/wp-json\/wp\/v2\/pages\/8885"}],"collection":[{"href":"https:\/\/estudiokonzept.com\/store\/wp-json\/wp\/v2\/pages"}],"about":[{"href":"https:\/\/estudiokonzept.com\/store\/wp-json\/wp\/v2\/types\/page"}],"author":[{"embeddable":true,"href":"https:\/\/estudiokonzept.com\/store\/wp-json\/wp\/v2\/users\/1"}],"replies":[{"embeddable":true,"href":"https:\/\/estudiokonzept.com\/store\/wp-json\/wp\/v2\/comments?post=8885"}],"version-history":[{"count":18,"href":"https:\/\/estudiokonzept.com\/store\/wp-json\/wp\/v2\/pages\/8885\/revisions"}],"predecessor-version":[{"id":9870,"href":"https:\/\/estudiokonzept.com\/store\/wp-json\/wp\/v2\/pages\/8885\/revisions\/9870"}],"wp:attachment":[{"href":"https:\/\/estudiokonzept.com\/store\/wp-json\/wp\/v2\/media?parent=8885"}],"curies":[{"name":"wp","href":"https:\/\/api.w.org\/{rel}","templated":true}]}}