{"id":9161,"date":"2022-09-09T06:19:14","date_gmt":"2022-09-09T06:19:14","guid":{"rendered":"https:\/\/estudiokonzept.com\/store\/?page_id=9161"},"modified":"2023-01-09T20:57:27","modified_gmt":"2023-01-09T20:57:27","slug":"ofertas-muebles-y-decoracion","status":"publish","type":"page","link":"https:\/\/estudiokonzept.com\/store\/ofertas-muebles-y-decoracion\/","title":{"rendered":"Rebajas"},"content":{"rendered":"<section class=\"wpb-content-wrapper\"><p>[vc_row][vc_column][vc_column_text]Encuentra <strong>las mejores ofertas muebles y decoraci\u00f3n<\/strong>. Una gran selecci\u00f3n de productos para transformar tu casa con las \u00faltimas tendencias al mejor precio. Descubre todas las <strong>ofertas en muebles, sof\u00e1s, sillas, decoraci\u00f3n, l\u00e1mparas<\/strong>&#8230; tienes todos estos productos para tu sal\u00f3n, dormitorio, comedor, despacho, terraza y jard\u00edn&#8230;[\/vc_column_text][vc_empty_space][vc_column_text]<div class=\"woocommerce columns-4 \"><\/div>[\/vc_column_text][\/vc_column][\/vc_row]<\/p>\n<\/section>","protected":false},"excerpt":{"rendered":"<p>[vc_row][vc_column][vc_column_text]Encuentra las mejores ofertas muebles y decoraci\u00f3n. Una gran selecci\u00f3n de productos para transformar tu casa con las \u00faltimas tendencias\u2026<\/p>\n","protected":false},"author":1,"featured_media":0,"parent":0,"menu_order":0,"comment_status":"closed","ping_status":"closed","template":"","meta":{"_monsterinsights_skip_tracking":false,"_monsterinsights_sitenote_active":false,"_monsterinsights_sitenote_note":"","_monsterinsights_sitenote_category":0,"footnotes":""},"acf":[],"aioseo_notices":[],"_links":{"self":[{"href":"https:\/\/estudiokonzept.com\/store\/wp-json\/wp\/v2\/pages\/9161"}],"collection":[{"href":"https:\/\/estudiokonzept.com\/store\/wp-json\/wp\/v2\/pages"}],"about":[{"href":"https:\/\/estudiokonzept.com\/store\/wp-json\/wp\/v2\/types\/page"}],"author":[{"embeddable":true,"href":"https:\/\/estudiokonzept.com\/store\/wp-json\/wp\/v2\/users\/1"}],"replies":[{"embeddable":true,"href":"https:\/\/estudiokonzept.com\/store\/wp-json\/wp\/v2\/comments?post=9161"}],"version-history":[{"count":15,"href":"https:\/\/estudiokonzept.com\/store\/wp-json\/wp\/v2\/pages\/9161\/revisions"}],"predecessor-version":[{"id":10127,"href":"https:\/\/estudiokonzept.com\/store\/wp-json\/wp\/v2\/pages\/9161\/revisions\/10127"}],"wp:attachment":[{"href":"https:\/\/estudiokonzept.com\/store\/wp-json\/wp\/v2\/media?parent=9161"}],"curies":[{"name":"wp","href":"https:\/\/api.w.org\/{rel}","templated":true}]}}