{"id":9167,"date":"2022-09-09T06:31:02","date_gmt":"2022-09-09T06:31:02","guid":{"rendered":"https:\/\/estudiokonzept.com\/store\/?page_id=9167"},"modified":"2022-12-30T08:34:04","modified_gmt":"2022-12-30T08:34:04","slug":"novedades-en-muebles-y-decoracion","status":"publish","type":"page","link":"https:\/\/estudiokonzept.com\/store\/novedades-en-muebles-y-decoracion\/","title":{"rendered":"Novedades en muebles y decoraci\u00f3n"},"content":{"rendered":"<section class=\"wpb-content-wrapper\"><p>[vc_row][vc_column][vc_column_text]Encuentra las <strong>\u00faltimas tendencias y novedades en muebles y decoraci\u00f3n para tu hogar<\/strong>. En konzept Store queremos que tu casa est\u00e9 a la \u00faltima y tenga aires renovados y para ello te proponemos estos\u00a0 productos para transformar tu casa con las \u00faltimas tendencias. \u00a1Descubre todas las novedades en <strong>sof\u00e1s, sillas, mesas, menaje, complementos, decoraci\u00f3n, l\u00e1mparas<\/strong> y mucho m\u00e1s.![\/vc_column_text][vc_empty_space][vc_column_text]<div class=\"woocommerce columns-4 \"><\/div>[\/vc_column_text][\/vc_column][\/vc_row]<\/p>\n<\/section>","protected":false},"excerpt":{"rendered":"<p>[vc_row][vc_column][vc_column_text]Encuentra las \u00faltimas tendencias y novedades en muebles y decoraci\u00f3n para tu hogar. En konzept Store queremos que tu casa\u2026<\/p>\n","protected":false},"author":1,"featured_media":0,"parent":0,"menu_order":0,"comment_status":"closed","ping_status":"closed","template":"","meta":{"_monsterinsights_skip_tracking":false,"_monsterinsights_sitenote_active":false,"_monsterinsights_sitenote_note":"","_monsterinsights_sitenote_category":0,"footnotes":""},"acf":[],"aioseo_notices":[],"_links":{"self":[{"href":"https:\/\/estudiokonzept.com\/store\/wp-json\/wp\/v2\/pages\/9167"}],"collection":[{"href":"https:\/\/estudiokonzept.com\/store\/wp-json\/wp\/v2\/pages"}],"about":[{"href":"https:\/\/estudiokonzept.com\/store\/wp-json\/wp\/v2\/types\/page"}],"author":[{"embeddable":true,"href":"https:\/\/estudiokonzept.com\/store\/wp-json\/wp\/v2\/users\/1"}],"replies":[{"embeddable":true,"href":"https:\/\/estudiokonzept.com\/store\/wp-json\/wp\/v2\/comments?post=9167"}],"version-history":[{"count":11,"href":"https:\/\/estudiokonzept.com\/store\/wp-json\/wp\/v2\/pages\/9167\/revisions"}],"predecessor-version":[{"id":10111,"href":"https:\/\/estudiokonzept.com\/store\/wp-json\/wp\/v2\/pages\/9167\/revisions\/10111"}],"wp:attachment":[{"href":"https:\/\/estudiokonzept.com\/store\/wp-json\/wp\/v2\/media?parent=9167"}],"curies":[{"name":"wp","href":"https:\/\/api.w.org\/{rel}","templated":true}]}}